{"id":1193,"date":"2023-09-15T17:02:05","date_gmt":"2023-09-15T16:02:05","guid":{"rendered":"https:\/\/oetinger.bonderio.cz\/production\/"},"modified":"2026-02-02T15:08:41","modified_gmt":"2026-02-02T15:08:41","slug":"vyroba","status":"publish","type":"page","link":"https:\/\/www.oetinger.net\/cs\/vyroba\/","title":{"rendered":"Podporujeme [label type=\"light\"]budoucnost[\/label] automobilov\u00e9ho pr\u016fmyslu"},"content":{"rendered":"<p><strong>Ve spole\u010dnosti Oetinger jsou na\u0161e z\u00e1vazky k ekologick\u00e9 udr\u017eitelnosti v\u00edce ne\u017e pouh\u00e1 slova<\/strong> &#8211; je to z\u00e1kladn\u00ed z\u00e1sada, kter\u00e1 se prom\u00edt\u00e1 do v\u0161ech aspekt\u016f na\u0161\u00ed \u010dinnosti. V tomto duchu hrd\u011b odeb\u00edr\u00e1me recyklovan\u00e9 materi\u00e1ly a \u0161rot obsahuj\u00edc\u00ed hlin\u00edk, v\u010detn\u011b kovov\u00e9ho odpadu, t\u0159\u00edsek, plechov\u00e9ho \u0161rotu, materi\u00e1l\u016f z drti\u010d\u016f, profil\u016f a obalov\u00fdch materi\u00e1l\u016f.<\/p>\n","protected":false},"excerpt":{"rendered":"<p>Ve spole\u010dnosti Oetinger jsou na\u0161e z\u00e1vazky k ekologick\u00e9 udr\u017eitelnosti v\u00edce ne\u017e pouh\u00e1 slova &#8211; je to z\u00e1kladn\u00ed z\u00e1sada, kter\u00e1 se prom\u00edt\u00e1 do v\u0161ech aspekt\u016f na\u0161\u00ed \u010dinnosti. V tomto duchu hrd\u011b odeb\u00edr\u00e1me recyklovan\u00e9 materi\u00e1ly a \u0161rot obsahuj\u00edc\u00ed hlin\u00edk, v\u010detn\u011b kovov\u00e9ho odpadu, t\u0159\u00edsek, plechov\u00e9ho \u0161rotu, materi\u00e1l\u016f z drti\u010d\u016f, profil\u016f a obalov\u00fdch materi\u00e1l\u016f.<\/p>\n","protected":false},"author":1,"featured_media":155,"parent":0,"menu_order":0,"comment_status":"closed","ping_status":"closed","template":"production.php","meta":{"footnotes":""},"class_list":["post-1193","page","type-page","status-publish","has-post-thumbnail","hentry"],"yoast_head":"<!-- This site is optimized with the Yoast SEO plugin v27.4 - https:\/\/yoast.com\/product\/yoast-seo-wordpress\/ -->\n<title>V\u00fdroba<\/title>\n<meta name=\"description\" content=\"D\u00edky na\u0161im nejmodern\u011bj\u0161\u00edm proces\u016fm taven\u00ed a rafinace p\u0159em\u011b\u0148ujeme tyto materi\u00e1ly\u00a0 na vysoce kvalitn\u00ed slitiny v\u00fdjime\u010dn\u00e9 \u010distoty a trvanlivosti.\" \/>\n<meta name=\"robots\" content=\"index, follow, max-snippet:-1, max-image-preview:large, max-video-preview:-1\" \/>\n<link rel=\"canonical\" href=\"https:\/\/www.oetinger.net\/cs\/vyroba\/\" \/>\n<meta property=\"og:locale\" content=\"cs_CZ\" \/>\n<meta property=\"og:type\" content=\"article\" \/>\n<meta property=\"og:title\" content=\"V\u00fdroba\" \/>\n<meta property=\"og:description\" content=\"D\u00edky na\u0161im nejmodern\u011bj\u0161\u00edm proces\u016fm taven\u00ed a rafinace p\u0159em\u011b\u0148ujeme tyto materi\u00e1ly\u00a0 na vysoce kvalitn\u00ed slitiny v\u00fdjime\u010dn\u00e9 \u010distoty a trvanlivosti.\" \/>\n<meta property=\"og:url\" content=\"https:\/\/www.oetinger.net\/cs\/vyroba\/\" \/>\n<meta property=\"og:site_name\" content=\"Oetinger Aluminium\" \/>\n<meta property=\"article:modified_time\" content=\"2026-02-02T15:08:41+00:00\" \/>\n<meta property=\"og:image\" content=\"https:\/\/www.oetinger.net\/wp-content\/uploads\/2023\/09\/36.webp\" \/>\n\t<meta property=\"og:image:width\" content=\"1920\" \/>\n\t<meta property=\"og:image:height\" content=\"880\" \/>\n\t<meta property=\"og:image:type\" content=\"image\/webp\" \/>\n<meta name=\"twitter:card\" content=\"summary_large_image\" \/>\n<meta name=\"twitter:label1\" content=\"Odhadovan\u00e1 doba \u010dten\u00ed\" \/>\n\t<meta name=\"twitter:data1\" content=\"1 minuta\" \/>\n<script type=\"application\/ld+json\" class=\"yoast-schema-graph\">{\"@context\":\"https:\\\/\\\/schema.org\",\"@graph\":[{\"@type\":\"WebPage\",\"@id\":\"https:\\\/\\\/www.oetinger.net\\\/cs\\\/vyroba\\\/\",\"url\":\"https:\\\/\\\/www.oetinger.net\\\/cs\\\/vyroba\\\/\",\"name\":\"V\u00fdroba\",\"isPartOf\":{\"@id\":\"https:\\\/\\\/www.oetinger.net\\\/cs\\\/#website\"},\"primaryImageOfPage\":{\"@id\":\"https:\\\/\\\/www.oetinger.net\\\/cs\\\/vyroba\\\/#primaryimage\"},\"image\":{\"@id\":\"https:\\\/\\\/www.oetinger.net\\\/cs\\\/vyroba\\\/#primaryimage\"},\"thumbnailUrl\":\"https:\\\/\\\/www.oetinger.net\\\/wp-content\\\/uploads\\\/2023\\\/09\\\/36.webp\",\"datePublished\":\"2023-09-15T16:02:05+00:00\",\"dateModified\":\"2026-02-02T15:08:41+00:00\",\"description\":\"D\u00edky na\u0161im nejmodern\u011bj\u0161\u00edm proces\u016fm taven\u00ed a rafinace p\u0159em\u011b\u0148ujeme tyto materi\u00e1ly\u00a0 na vysoce kvalitn\u00ed slitiny v\u00fdjime\u010dn\u00e9 \u010distoty a trvanlivosti.\",\"breadcrumb\":{\"@id\":\"https:\\\/\\\/www.oetinger.net\\\/cs\\\/vyroba\\\/#breadcrumb\"},\"inLanguage\":\"cs\",\"potentialAction\":[{\"@type\":\"ReadAction\",\"target\":[\"https:\\\/\\\/www.oetinger.net\\\/cs\\\/vyroba\\\/\"]}]},{\"@type\":\"ImageObject\",\"inLanguage\":\"cs\",\"@id\":\"https:\\\/\\\/www.oetinger.net\\\/cs\\\/vyroba\\\/#primaryimage\",\"url\":\"https:\\\/\\\/www.oetinger.net\\\/wp-content\\\/uploads\\\/2023\\\/09\\\/36.webp\",\"contentUrl\":\"https:\\\/\\\/www.oetinger.net\\\/wp-content\\\/uploads\\\/2023\\\/09\\\/36.webp\",\"width\":1920,\"height\":880},{\"@type\":\"BreadcrumbList\",\"@id\":\"https:\\\/\\\/www.oetinger.net\\\/cs\\\/vyroba\\\/#breadcrumb\",\"itemListElement\":[{\"@type\":\"ListItem\",\"position\":1,\"name\":\"Home\",\"item\":\"https:\\\/\\\/www.oetinger.net\\\/cs\\\/\"},{\"@type\":\"ListItem\",\"position\":2,\"name\":\"Podporujeme [label type=\\\"light\\\"]budoucnost[\\\/label] automobilov\u00e9ho pr\u016fmyslu\"}]},{\"@type\":\"WebSite\",\"@id\":\"https:\\\/\\\/www.oetinger.net\\\/cs\\\/#website\",\"url\":\"https:\\\/\\\/www.oetinger.net\\\/cs\\\/\",\"name\":\"Oetinger\",\"description\":\"\",\"publisher\":{\"@id\":\"https:\\\/\\\/www.oetinger.net\\\/cs\\\/#organization\"},\"potentialAction\":[{\"@type\":\"SearchAction\",\"target\":{\"@type\":\"EntryPoint\",\"urlTemplate\":\"https:\\\/\\\/www.oetinger.net\\\/cs\\\/?s={search_term_string}\"},\"query-input\":{\"@type\":\"PropertyValueSpecification\",\"valueRequired\":true,\"valueName\":\"search_term_string\"}}],\"inLanguage\":\"cs\"},{\"@type\":\"Organization\",\"@id\":\"https:\\\/\\\/www.oetinger.net\\\/cs\\\/#organization\",\"name\":\"Oetinger\",\"url\":\"https:\\\/\\\/www.oetinger.net\\\/cs\\\/\",\"logo\":{\"@type\":\"ImageObject\",\"inLanguage\":\"cs\",\"@id\":\"https:\\\/\\\/www.oetinger.net\\\/cs\\\/#\\\/schema\\\/logo\\\/image\\\/\",\"url\":\"https:\\\/\\\/oetinger.bonderio.cz\\\/wp-content\\\/uploads\\\/2023\\\/09\\\/favicon.png\",\"contentUrl\":\"https:\\\/\\\/oetinger.bonderio.cz\\\/wp-content\\\/uploads\\\/2023\\\/09\\\/favicon.png\",\"width\":129,\"height\":128,\"caption\":\"Oetinger\"},\"image\":{\"@id\":\"https:\\\/\\\/www.oetinger.net\\\/cs\\\/#\\\/schema\\\/logo\\\/image\\\/\"}}]}<\/script>\n<!-- \/ Yoast SEO plugin. -->","yoast_head_json":{"title":"V\u00fdroba","description":"D\u00edky na\u0161im nejmodern\u011bj\u0161\u00edm proces\u016fm taven\u00ed a rafinace p\u0159em\u011b\u0148ujeme tyto materi\u00e1ly\u00a0 na vysoce kvalitn\u00ed slitiny v\u00fdjime\u010dn\u00e9 \u010distoty a trvanlivosti.","robots":{"index":"index","follow":"follow","max-snippet":"max-snippet:-1","max-image-preview":"max-image-preview:large","max-video-preview":"max-video-preview:-1"},"canonical":"https:\/\/www.oetinger.net\/cs\/vyroba\/","og_locale":"cs_CZ","og_type":"article","og_title":"V\u00fdroba","og_description":"D\u00edky na\u0161im nejmodern\u011bj\u0161\u00edm proces\u016fm taven\u00ed a rafinace p\u0159em\u011b\u0148ujeme tyto materi\u00e1ly\u00a0 na vysoce kvalitn\u00ed slitiny v\u00fdjime\u010dn\u00e9 \u010distoty a trvanlivosti.","og_url":"https:\/\/www.oetinger.net\/cs\/vyroba\/","og_site_name":"Oetinger Aluminium","article_modified_time":"2026-02-02T15:08:41+00:00","og_image":[{"width":1920,"height":880,"url":"https:\/\/www.oetinger.net\/wp-content\/uploads\/2023\/09\/36.webp","type":"image\/webp"}],"twitter_card":"summary_large_image","twitter_misc":{"Odhadovan\u00e1 doba \u010dten\u00ed":"1 minuta"},"schema":{"@context":"https:\/\/schema.org","@graph":[{"@type":"WebPage","@id":"https:\/\/www.oetinger.net\/cs\/vyroba\/","url":"https:\/\/www.oetinger.net\/cs\/vyroba\/","name":"V\u00fdroba","isPartOf":{"@id":"https:\/\/www.oetinger.net\/cs\/#website"},"primaryImageOfPage":{"@id":"https:\/\/www.oetinger.net\/cs\/vyroba\/#primaryimage"},"image":{"@id":"https:\/\/www.oetinger.net\/cs\/vyroba\/#primaryimage"},"thumbnailUrl":"https:\/\/www.oetinger.net\/wp-content\/uploads\/2023\/09\/36.webp","datePublished":"2023-09-15T16:02:05+00:00","dateModified":"2026-02-02T15:08:41+00:00","description":"D\u00edky na\u0161im nejmodern\u011bj\u0161\u00edm proces\u016fm taven\u00ed a rafinace p\u0159em\u011b\u0148ujeme tyto materi\u00e1ly\u00a0 na vysoce kvalitn\u00ed slitiny v\u00fdjime\u010dn\u00e9 \u010distoty a trvanlivosti.","breadcrumb":{"@id":"https:\/\/www.oetinger.net\/cs\/vyroba\/#breadcrumb"},"inLanguage":"cs","potentialAction":[{"@type":"ReadAction","target":["https:\/\/www.oetinger.net\/cs\/vyroba\/"]}]},{"@type":"ImageObject","inLanguage":"cs","@id":"https:\/\/www.oetinger.net\/cs\/vyroba\/#primaryimage","url":"https:\/\/www.oetinger.net\/wp-content\/uploads\/2023\/09\/36.webp","contentUrl":"https:\/\/www.oetinger.net\/wp-content\/uploads\/2023\/09\/36.webp","width":1920,"height":880},{"@type":"BreadcrumbList","@id":"https:\/\/www.oetinger.net\/cs\/vyroba\/#breadcrumb","itemListElement":[{"@type":"ListItem","position":1,"name":"Home","item":"https:\/\/www.oetinger.net\/cs\/"},{"@type":"ListItem","position":2,"name":"Podporujeme [label type=\"light\"]budoucnost[\/label] automobilov\u00e9ho pr\u016fmyslu"}]},{"@type":"WebSite","@id":"https:\/\/www.oetinger.net\/cs\/#website","url":"https:\/\/www.oetinger.net\/cs\/","name":"Oetinger","description":"","publisher":{"@id":"https:\/\/www.oetinger.net\/cs\/#organization"},"potentialAction":[{"@type":"SearchAction","target":{"@type":"EntryPoint","urlTemplate":"https:\/\/www.oetinger.net\/cs\/?s={search_term_string}"},"query-input":{"@type":"PropertyValueSpecification","valueRequired":true,"valueName":"search_term_string"}}],"inLanguage":"cs"},{"@type":"Organization","@id":"https:\/\/www.oetinger.net\/cs\/#organization","name":"Oetinger","url":"https:\/\/www.oetinger.net\/cs\/","logo":{"@type":"ImageObject","inLanguage":"cs","@id":"https:\/\/www.oetinger.net\/cs\/#\/schema\/logo\/image\/","url":"https:\/\/oetinger.bonderio.cz\/wp-content\/uploads\/2023\/09\/favicon.png","contentUrl":"https:\/\/oetinger.bonderio.cz\/wp-content\/uploads\/2023\/09\/favicon.png","width":129,"height":128,"caption":"Oetinger"},"image":{"@id":"https:\/\/www.oetinger.net\/cs\/#\/schema\/logo\/image\/"}}]}},"_links":{"self":[{"href":"https:\/\/www.oetinger.net\/cs\/wp-json\/wp\/v2\/pages\/1193","targetHints":{"allow":["GET"]}}],"collection":[{"href":"https:\/\/www.oetinger.net\/cs\/wp-json\/wp\/v2\/pages"}],"about":[{"href":"https:\/\/www.oetinger.net\/cs\/wp-json\/wp\/v2\/types\/page"}],"author":[{"embeddable":true,"href":"https:\/\/www.oetinger.net\/cs\/wp-json\/wp\/v2\/users\/1"}],"replies":[{"embeddable":true,"href":"https:\/\/www.oetinger.net\/cs\/wp-json\/wp\/v2\/comments?post=1193"}],"version-history":[{"count":24,"href":"https:\/\/www.oetinger.net\/cs\/wp-json\/wp\/v2\/pages\/1193\/revisions"}],"predecessor-version":[{"id":3196,"href":"https:\/\/www.oetinger.net\/cs\/wp-json\/wp\/v2\/pages\/1193\/revisions\/3196"}],"wp:featuredmedia":[{"embeddable":true,"href":"https:\/\/www.oetinger.net\/cs\/wp-json\/wp\/v2\/media\/155"}],"wp:attachment":[{"href":"https:\/\/www.oetinger.net\/cs\/wp-json\/wp\/v2\/media?parent=1193"}],"curies":[{"name":"wp","href":"https:\/\/api.w.org\/{rel}","templated":true}]}}