{"id":1195,"date":"2023-09-10T16:12:00","date_gmt":"2023-09-10T15:12:00","guid":{"rendered":"https:\/\/oetinger.bonderio.cz\/?page_id=1195"},"modified":"2026-01-22T10:56:03","modified_gmt":"2026-01-22T10:56:03","slug":"kontakt","status":"publish","type":"page","link":"https:\/\/www.oetinger.net\/cs\/kontakt\/","title":{"rendered":"Kontaktujte [label type=\"light\"]n\u00e1s[\/label] je\u0161t\u011b dnes"},"content":{"rendered":"","protected":false},"excerpt":{"rendered":"<p>Get in Touch and Let&#8217;s have impact Together.<\/p>\n","protected":false},"author":3,"featured_media":25,"parent":0,"menu_order":0,"comment_status":"closed","ping_status":"closed","template":"contact.php","meta":{"footnotes":""},"class_list":["post-1195","page","type-page","status-publish","has-post-thumbnail","hentry"],"yoast_head":"<!-- This site is optimized with the Yoast SEO plugin v27.4 - https:\/\/yoast.com\/product\/yoast-seo-wordpress\/ -->\n<title>kontakt oetinger napi\u0161te n\u00e1m<\/title>\n<meta name=\"description\" content=\"Pokud m\u00e1te jak\u00e9koliv dotazy nebo po\u017eadavky, spojte se s n\u00e1mi je\u0161t\u011b dnes. R\u00e1di se v\u00e1m budeme v\u011bnovat.\" \/>\n<meta name=\"robots\" content=\"index, follow, max-snippet:-1, max-image-preview:large, max-video-preview:-1\" \/>\n<link rel=\"canonical\" href=\"https:\/\/www.oetinger.net\/cs\/kontakt\/\" \/>\n<meta property=\"og:locale\" content=\"cs_CZ\" \/>\n<meta property=\"og:type\" content=\"article\" \/>\n<meta property=\"og:title\" content=\"kontakt oetinger napi\u0161te n\u00e1m\" \/>\n<meta property=\"og:description\" content=\"Pokud m\u00e1te jak\u00e9koliv dotazy nebo po\u017eadavky, spojte se s n\u00e1mi je\u0161t\u011b dnes. R\u00e1di se v\u00e1m budeme v\u011bnovat.\" \/>\n<meta property=\"og:url\" content=\"https:\/\/www.oetinger.net\/cs\/kontakt\/\" \/>\n<meta property=\"og:site_name\" content=\"Oetinger Aluminium\" \/>\n<meta property=\"article:modified_time\" content=\"2026-01-22T10:56:03+00:00\" \/>\n<meta property=\"og:image\" content=\"https:\/\/www.oetinger.net\/wp-content\/uploads\/2023\/09\/10.webp\" \/>\n\t<meta property=\"og:image:width\" content=\"1920\" \/>\n\t<meta property=\"og:image:height\" content=\"600\" \/>\n\t<meta property=\"og:image:type\" content=\"image\/webp\" \/>\n<meta name=\"twitter:card\" content=\"summary_large_image\" \/>\n<meta name=\"twitter:label1\" content=\"Odhadovan\u00e1 doba \u010dten\u00ed\" \/>\n\t<meta name=\"twitter:data1\" content=\"1 minuta\" \/>\n<script type=\"application\/ld+json\" class=\"yoast-schema-graph\">{\"@context\":\"https:\\\/\\\/schema.org\",\"@graph\":[{\"@type\":\"WebPage\",\"@id\":\"https:\\\/\\\/www.oetinger.net\\\/cs\\\/kontakt\\\/\",\"url\":\"https:\\\/\\\/www.oetinger.net\\\/cs\\\/kontakt\\\/\",\"name\":\"kontakt oetinger napi\u0161te n\u00e1m\",\"isPartOf\":{\"@id\":\"https:\\\/\\\/www.oetinger.net\\\/cs\\\/#website\"},\"primaryImageOfPage\":{\"@id\":\"https:\\\/\\\/www.oetinger.net\\\/cs\\\/kontakt\\\/#primaryimage\"},\"image\":{\"@id\":\"https:\\\/\\\/www.oetinger.net\\\/cs\\\/kontakt\\\/#primaryimage\"},\"thumbnailUrl\":\"https:\\\/\\\/www.oetinger.net\\\/wp-content\\\/uploads\\\/2023\\\/09\\\/10.webp\",\"datePublished\":\"2023-09-10T15:12:00+00:00\",\"dateModified\":\"2026-01-22T10:56:03+00:00\",\"description\":\"Pokud m\u00e1te jak\u00e9koliv dotazy nebo po\u017eadavky, spojte se s n\u00e1mi je\u0161t\u011b dnes. R\u00e1di se v\u00e1m budeme v\u011bnovat.\",\"breadcrumb\":{\"@id\":\"https:\\\/\\\/www.oetinger.net\\\/cs\\\/kontakt\\\/#breadcrumb\"},\"inLanguage\":\"cs\",\"potentialAction\":[{\"@type\":\"ReadAction\",\"target\":[\"https:\\\/\\\/www.oetinger.net\\\/cs\\\/kontakt\\\/\"]}]},{\"@type\":\"ImageObject\",\"inLanguage\":\"cs\",\"@id\":\"https:\\\/\\\/www.oetinger.net\\\/cs\\\/kontakt\\\/#primaryimage\",\"url\":\"https:\\\/\\\/www.oetinger.net\\\/wp-content\\\/uploads\\\/2023\\\/09\\\/10.webp\",\"contentUrl\":\"https:\\\/\\\/www.oetinger.net\\\/wp-content\\\/uploads\\\/2023\\\/09\\\/10.webp\",\"width\":1920,\"height\":600},{\"@type\":\"BreadcrumbList\",\"@id\":\"https:\\\/\\\/www.oetinger.net\\\/cs\\\/kontakt\\\/#breadcrumb\",\"itemListElement\":[{\"@type\":\"ListItem\",\"position\":1,\"name\":\"Home\",\"item\":\"https:\\\/\\\/www.oetinger.net\\\/cs\\\/\"},{\"@type\":\"ListItem\",\"position\":2,\"name\":\"Kontaktujte [label type=\\\"light\\\"]n\u00e1s[\\\/label] je\u0161t\u011b dnes\"}]},{\"@type\":\"WebSite\",\"@id\":\"https:\\\/\\\/www.oetinger.net\\\/cs\\\/#website\",\"url\":\"https:\\\/\\\/www.oetinger.net\\\/cs\\\/\",\"name\":\"Oetinger\",\"description\":\"\",\"publisher\":{\"@id\":\"https:\\\/\\\/www.oetinger.net\\\/cs\\\/#organization\"},\"potentialAction\":[{\"@type\":\"SearchAction\",\"target\":{\"@type\":\"EntryPoint\",\"urlTemplate\":\"https:\\\/\\\/www.oetinger.net\\\/cs\\\/?s={search_term_string}\"},\"query-input\":{\"@type\":\"PropertyValueSpecification\",\"valueRequired\":true,\"valueName\":\"search_term_string\"}}],\"inLanguage\":\"cs\"},{\"@type\":\"Organization\",\"@id\":\"https:\\\/\\\/www.oetinger.net\\\/cs\\\/#organization\",\"name\":\"Oetinger\",\"url\":\"https:\\\/\\\/www.oetinger.net\\\/cs\\\/\",\"logo\":{\"@type\":\"ImageObject\",\"inLanguage\":\"cs\",\"@id\":\"https:\\\/\\\/www.oetinger.net\\\/cs\\\/#\\\/schema\\\/logo\\\/image\\\/\",\"url\":\"https:\\\/\\\/oetinger.bonderio.cz\\\/wp-content\\\/uploads\\\/2023\\\/09\\\/favicon.png\",\"contentUrl\":\"https:\\\/\\\/oetinger.bonderio.cz\\\/wp-content\\\/uploads\\\/2023\\\/09\\\/favicon.png\",\"width\":129,\"height\":128,\"caption\":\"Oetinger\"},\"image\":{\"@id\":\"https:\\\/\\\/www.oetinger.net\\\/cs\\\/#\\\/schema\\\/logo\\\/image\\\/\"}}]}<\/script>\n<!-- \/ Yoast SEO plugin. -->","yoast_head_json":{"title":"kontakt oetinger napi\u0161te n\u00e1m","description":"Pokud m\u00e1te jak\u00e9koliv dotazy nebo po\u017eadavky, spojte se s n\u00e1mi je\u0161t\u011b dnes. R\u00e1di se v\u00e1m budeme v\u011bnovat.","robots":{"index":"index","follow":"follow","max-snippet":"max-snippet:-1","max-image-preview":"max-image-preview:large","max-video-preview":"max-video-preview:-1"},"canonical":"https:\/\/www.oetinger.net\/cs\/kontakt\/","og_locale":"cs_CZ","og_type":"article","og_title":"kontakt oetinger napi\u0161te n\u00e1m","og_description":"Pokud m\u00e1te jak\u00e9koliv dotazy nebo po\u017eadavky, spojte se s n\u00e1mi je\u0161t\u011b dnes. R\u00e1di se v\u00e1m budeme v\u011bnovat.","og_url":"https:\/\/www.oetinger.net\/cs\/kontakt\/","og_site_name":"Oetinger Aluminium","article_modified_time":"2026-01-22T10:56:03+00:00","og_image":[{"width":1920,"height":600,"url":"https:\/\/www.oetinger.net\/wp-content\/uploads\/2023\/09\/10.webp","type":"image\/webp"}],"twitter_card":"summary_large_image","twitter_misc":{"Odhadovan\u00e1 doba \u010dten\u00ed":"1 minuta"},"schema":{"@context":"https:\/\/schema.org","@graph":[{"@type":"WebPage","@id":"https:\/\/www.oetinger.net\/cs\/kontakt\/","url":"https:\/\/www.oetinger.net\/cs\/kontakt\/","name":"kontakt oetinger napi\u0161te n\u00e1m","isPartOf":{"@id":"https:\/\/www.oetinger.net\/cs\/#website"},"primaryImageOfPage":{"@id":"https:\/\/www.oetinger.net\/cs\/kontakt\/#primaryimage"},"image":{"@id":"https:\/\/www.oetinger.net\/cs\/kontakt\/#primaryimage"},"thumbnailUrl":"https:\/\/www.oetinger.net\/wp-content\/uploads\/2023\/09\/10.webp","datePublished":"2023-09-10T15:12:00+00:00","dateModified":"2026-01-22T10:56:03+00:00","description":"Pokud m\u00e1te jak\u00e9koliv dotazy nebo po\u017eadavky, spojte se s n\u00e1mi je\u0161t\u011b dnes. R\u00e1di se v\u00e1m budeme v\u011bnovat.","breadcrumb":{"@id":"https:\/\/www.oetinger.net\/cs\/kontakt\/#breadcrumb"},"inLanguage":"cs","potentialAction":[{"@type":"ReadAction","target":["https:\/\/www.oetinger.net\/cs\/kontakt\/"]}]},{"@type":"ImageObject","inLanguage":"cs","@id":"https:\/\/www.oetinger.net\/cs\/kontakt\/#primaryimage","url":"https:\/\/www.oetinger.net\/wp-content\/uploads\/2023\/09\/10.webp","contentUrl":"https:\/\/www.oetinger.net\/wp-content\/uploads\/2023\/09\/10.webp","width":1920,"height":600},{"@type":"BreadcrumbList","@id":"https:\/\/www.oetinger.net\/cs\/kontakt\/#breadcrumb","itemListElement":[{"@type":"ListItem","position":1,"name":"Home","item":"https:\/\/www.oetinger.net\/cs\/"},{"@type":"ListItem","position":2,"name":"Kontaktujte [label type=\"light\"]n\u00e1s[\/label] je\u0161t\u011b dnes"}]},{"@type":"WebSite","@id":"https:\/\/www.oetinger.net\/cs\/#website","url":"https:\/\/www.oetinger.net\/cs\/","name":"Oetinger","description":"","publisher":{"@id":"https:\/\/www.oetinger.net\/cs\/#organization"},"potentialAction":[{"@type":"SearchAction","target":{"@type":"EntryPoint","urlTemplate":"https:\/\/www.oetinger.net\/cs\/?s={search_term_string}"},"query-input":{"@type":"PropertyValueSpecification","valueRequired":true,"valueName":"search_term_string"}}],"inLanguage":"cs"},{"@type":"Organization","@id":"https:\/\/www.oetinger.net\/cs\/#organization","name":"Oetinger","url":"https:\/\/www.oetinger.net\/cs\/","logo":{"@type":"ImageObject","inLanguage":"cs","@id":"https:\/\/www.oetinger.net\/cs\/#\/schema\/logo\/image\/","url":"https:\/\/oetinger.bonderio.cz\/wp-content\/uploads\/2023\/09\/favicon.png","contentUrl":"https:\/\/oetinger.bonderio.cz\/wp-content\/uploads\/2023\/09\/favicon.png","width":129,"height":128,"caption":"Oetinger"},"image":{"@id":"https:\/\/www.oetinger.net\/cs\/#\/schema\/logo\/image\/"}}]}},"_links":{"self":[{"href":"https:\/\/www.oetinger.net\/cs\/wp-json\/wp\/v2\/pages\/1195","targetHints":{"allow":["GET"]}}],"collection":[{"href":"https:\/\/www.oetinger.net\/cs\/wp-json\/wp\/v2\/pages"}],"about":[{"href":"https:\/\/www.oetinger.net\/cs\/wp-json\/wp\/v2\/types\/page"}],"author":[{"embeddable":true,"href":"https:\/\/www.oetinger.net\/cs\/wp-json\/wp\/v2\/users\/3"}],"replies":[{"embeddable":true,"href":"https:\/\/www.oetinger.net\/cs\/wp-json\/wp\/v2\/comments?post=1195"}],"version-history":[{"count":10,"href":"https:\/\/www.oetinger.net\/cs\/wp-json\/wp\/v2\/pages\/1195\/revisions"}],"predecessor-version":[{"id":3166,"href":"https:\/\/www.oetinger.net\/cs\/wp-json\/wp\/v2\/pages\/1195\/revisions\/3166"}],"wp:featuredmedia":[{"embeddable":true,"href":"https:\/\/www.oetinger.net\/cs\/wp-json\/wp\/v2\/media\/25"}],"wp:attachment":[{"href":"https:\/\/www.oetinger.net\/cs\/wp-json\/wp\/v2\/media?parent=1195"}],"curies":[{"name":"wp","href":"https:\/\/api.w.org\/{rel}","templated":true}]}}