{"id":1216,"date":"2023-09-15T14:07:42","date_gmt":"2023-09-15T13:07:42","guid":{"rendered":"https:\/\/oetinger.bonderio.cz\/karriere\/"},"modified":"2025-09-01T10:13:29","modified_gmt":"2025-09-01T09:13:29","slug":"kariera","status":"publish","type":"page","link":"https:\/\/www.oetinger.net\/cs\/kariera\/","title":{"rendered":"Pro\u010d byste m\u011bli pracovat [label type=\"light\"]ve spole\u010dnosti[\/label] Oetinger?"},"content":{"rendered":"","protected":false},"excerpt":{"rendered":"","protected":false},"author":1,"featured_media":1391,"parent":0,"menu_order":0,"comment_status":"closed","ping_status":"closed","template":"jobs.php","meta":{"footnotes":""},"class_list":["post-1216","page","type-page","status-publish","has-post-thumbnail","hentry"],"yoast_head":"<!-- This site is optimized with the Yoast SEO plugin v27.4 - https:\/\/yoast.com\/product\/yoast-seo-wordpress\/ -->\n<title>P\u0159idejte se k n\u00e1m<\/title>\n<meta name=\"description\" content=\"Voln\u00e1 m\u00edsta - Pro\u010d byste m\u011bli pracovat ve spole\u010dnosti Oetinger? - Vyu\u017e\u00edvejte \u0159adu v\u00fdhod, mo\u017enost profesn\u00edho r\u016fstu, nejnov\u011bj\u0161\u00ed technologie r\u016fzn\u00e9 firemn\u00ed akce a benefity.\" \/>\n<meta name=\"robots\" content=\"index, follow, max-snippet:-1, max-image-preview:large, max-video-preview:-1\" \/>\n<link rel=\"canonical\" href=\"https:\/\/www.oetinger.net\/cs\/kariera\/\" \/>\n<meta property=\"og:locale\" content=\"cs_CZ\" \/>\n<meta property=\"og:type\" content=\"article\" \/>\n<meta property=\"og:title\" content=\"P\u0159idejte se k n\u00e1m\" \/>\n<meta property=\"og:description\" content=\"Voln\u00e1 m\u00edsta - Pro\u010d byste m\u011bli pracovat ve spole\u010dnosti Oetinger? - Vyu\u017e\u00edvejte \u0159adu v\u00fdhod, mo\u017enost profesn\u00edho r\u016fstu, nejnov\u011bj\u0161\u00ed technologie r\u016fzn\u00e9 firemn\u00ed akce a benefity.\" \/>\n<meta property=\"og:url\" content=\"https:\/\/www.oetinger.net\/cs\/kariera\/\" \/>\n<meta property=\"og:site_name\" content=\"Oetinger Aluminium\" \/>\n<meta property=\"article:modified_time\" content=\"2025-09-01T09:13:29+00:00\" \/>\n<meta property=\"og:image\" content=\"https:\/\/www.oetinger.net\/wp-content\/uploads\/2023\/10\/Career-1024x427.png\" \/>\n\t<meta property=\"og:image:width\" content=\"1024\" \/>\n\t<meta property=\"og:image:height\" content=\"427\" \/>\n\t<meta property=\"og:image:type\" content=\"image\/png\" \/>\n<meta name=\"twitter:card\" content=\"summary_large_image\" \/>\n<meta name=\"twitter:label1\" content=\"Odhadovan\u00e1 doba \u010dten\u00ed\" \/>\n\t<meta name=\"twitter:data1\" content=\"1 minuta\" \/>\n<script type=\"application\/ld+json\" class=\"yoast-schema-graph\">{\"@context\":\"https:\\\/\\\/schema.org\",\"@graph\":[{\"@type\":\"WebPage\",\"@id\":\"https:\\\/\\\/www.oetinger.net\\\/cs\\\/kariera\\\/\",\"url\":\"https:\\\/\\\/www.oetinger.net\\\/cs\\\/kariera\\\/\",\"name\":\"P\u0159idejte se k n\u00e1m\",\"isPartOf\":{\"@id\":\"https:\\\/\\\/www.oetinger.net\\\/cs\\\/#website\"},\"primaryImageOfPage\":{\"@id\":\"https:\\\/\\\/www.oetinger.net\\\/cs\\\/kariera\\\/#primaryimage\"},\"image\":{\"@id\":\"https:\\\/\\\/www.oetinger.net\\\/cs\\\/kariera\\\/#primaryimage\"},\"thumbnailUrl\":\"https:\\\/\\\/www.oetinger.net\\\/wp-content\\\/uploads\\\/2023\\\/10\\\/Career.png\",\"datePublished\":\"2023-09-15T13:07:42+00:00\",\"dateModified\":\"2025-09-01T09:13:29+00:00\",\"description\":\"Voln\u00e1 m\u00edsta - Pro\u010d byste m\u011bli pracovat ve spole\u010dnosti Oetinger? - Vyu\u017e\u00edvejte \u0159adu v\u00fdhod, mo\u017enost profesn\u00edho r\u016fstu, nejnov\u011bj\u0161\u00ed technologie r\u016fzn\u00e9 firemn\u00ed akce a benefity.\",\"breadcrumb\":{\"@id\":\"https:\\\/\\\/www.oetinger.net\\\/cs\\\/kariera\\\/#breadcrumb\"},\"inLanguage\":\"cs\",\"potentialAction\":[{\"@type\":\"ReadAction\",\"target\":[\"https:\\\/\\\/www.oetinger.net\\\/cs\\\/kariera\\\/\"]}]},{\"@type\":\"ImageObject\",\"inLanguage\":\"cs\",\"@id\":\"https:\\\/\\\/www.oetinger.net\\\/cs\\\/kariera\\\/#primaryimage\",\"url\":\"https:\\\/\\\/www.oetinger.net\\\/wp-content\\\/uploads\\\/2023\\\/10\\\/Career.png\",\"contentUrl\":\"https:\\\/\\\/www.oetinger.net\\\/wp-content\\\/uploads\\\/2023\\\/10\\\/Career.png\",\"width\":1920,\"height\":800},{\"@type\":\"BreadcrumbList\",\"@id\":\"https:\\\/\\\/www.oetinger.net\\\/cs\\\/kariera\\\/#breadcrumb\",\"itemListElement\":[{\"@type\":\"ListItem\",\"position\":1,\"name\":\"Home\",\"item\":\"https:\\\/\\\/www.oetinger.net\\\/cs\\\/\"},{\"@type\":\"ListItem\",\"position\":2,\"name\":\"Pro\u010d byste m\u011bli pracovat [label type=\\\"light\\\"]ve spole\u010dnosti[\\\/label] Oetinger?\"}]},{\"@type\":\"WebSite\",\"@id\":\"https:\\\/\\\/www.oetinger.net\\\/cs\\\/#website\",\"url\":\"https:\\\/\\\/www.oetinger.net\\\/cs\\\/\",\"name\":\"Oetinger\",\"description\":\"\",\"publisher\":{\"@id\":\"https:\\\/\\\/www.oetinger.net\\\/cs\\\/#organization\"},\"potentialAction\":[{\"@type\":\"SearchAction\",\"target\":{\"@type\":\"EntryPoint\",\"urlTemplate\":\"https:\\\/\\\/www.oetinger.net\\\/cs\\\/?s={search_term_string}\"},\"query-input\":{\"@type\":\"PropertyValueSpecification\",\"valueRequired\":true,\"valueName\":\"search_term_string\"}}],\"inLanguage\":\"cs\"},{\"@type\":\"Organization\",\"@id\":\"https:\\\/\\\/www.oetinger.net\\\/cs\\\/#organization\",\"name\":\"Oetinger\",\"url\":\"https:\\\/\\\/www.oetinger.net\\\/cs\\\/\",\"logo\":{\"@type\":\"ImageObject\",\"inLanguage\":\"cs\",\"@id\":\"https:\\\/\\\/www.oetinger.net\\\/cs\\\/#\\\/schema\\\/logo\\\/image\\\/\",\"url\":\"https:\\\/\\\/oetinger.bonderio.cz\\\/wp-content\\\/uploads\\\/2023\\\/09\\\/favicon.png\",\"contentUrl\":\"https:\\\/\\\/oetinger.bonderio.cz\\\/wp-content\\\/uploads\\\/2023\\\/09\\\/favicon.png\",\"width\":129,\"height\":128,\"caption\":\"Oetinger\"},\"image\":{\"@id\":\"https:\\\/\\\/www.oetinger.net\\\/cs\\\/#\\\/schema\\\/logo\\\/image\\\/\"}}]}<\/script>\n<!-- \/ Yoast SEO plugin. -->","yoast_head_json":{"title":"P\u0159idejte se k n\u00e1m","description":"Voln\u00e1 m\u00edsta - Pro\u010d byste m\u011bli pracovat ve spole\u010dnosti Oetinger? - Vyu\u017e\u00edvejte \u0159adu v\u00fdhod, mo\u017enost profesn\u00edho r\u016fstu, nejnov\u011bj\u0161\u00ed technologie r\u016fzn\u00e9 firemn\u00ed akce a benefity.","robots":{"index":"index","follow":"follow","max-snippet":"max-snippet:-1","max-image-preview":"max-image-preview:large","max-video-preview":"max-video-preview:-1"},"canonical":"https:\/\/www.oetinger.net\/cs\/kariera\/","og_locale":"cs_CZ","og_type":"article","og_title":"P\u0159idejte se k n\u00e1m","og_description":"Voln\u00e1 m\u00edsta - Pro\u010d byste m\u011bli pracovat ve spole\u010dnosti Oetinger? - Vyu\u017e\u00edvejte \u0159adu v\u00fdhod, mo\u017enost profesn\u00edho r\u016fstu, nejnov\u011bj\u0161\u00ed technologie r\u016fzn\u00e9 firemn\u00ed akce a benefity.","og_url":"https:\/\/www.oetinger.net\/cs\/kariera\/","og_site_name":"Oetinger Aluminium","article_modified_time":"2025-09-01T09:13:29+00:00","og_image":[{"width":1024,"height":427,"url":"https:\/\/www.oetinger.net\/wp-content\/uploads\/2023\/10\/Career-1024x427.png","type":"image\/png"}],"twitter_card":"summary_large_image","twitter_misc":{"Odhadovan\u00e1 doba \u010dten\u00ed":"1 minuta"},"schema":{"@context":"https:\/\/schema.org","@graph":[{"@type":"WebPage","@id":"https:\/\/www.oetinger.net\/cs\/kariera\/","url":"https:\/\/www.oetinger.net\/cs\/kariera\/","name":"P\u0159idejte se k n\u00e1m","isPartOf":{"@id":"https:\/\/www.oetinger.net\/cs\/#website"},"primaryImageOfPage":{"@id":"https:\/\/www.oetinger.net\/cs\/kariera\/#primaryimage"},"image":{"@id":"https:\/\/www.oetinger.net\/cs\/kariera\/#primaryimage"},"thumbnailUrl":"https:\/\/www.oetinger.net\/wp-content\/uploads\/2023\/10\/Career.png","datePublished":"2023-09-15T13:07:42+00:00","dateModified":"2025-09-01T09:13:29+00:00","description":"Voln\u00e1 m\u00edsta - Pro\u010d byste m\u011bli pracovat ve spole\u010dnosti Oetinger? - Vyu\u017e\u00edvejte \u0159adu v\u00fdhod, mo\u017enost profesn\u00edho r\u016fstu, nejnov\u011bj\u0161\u00ed technologie r\u016fzn\u00e9 firemn\u00ed akce a benefity.","breadcrumb":{"@id":"https:\/\/www.oetinger.net\/cs\/kariera\/#breadcrumb"},"inLanguage":"cs","potentialAction":[{"@type":"ReadAction","target":["https:\/\/www.oetinger.net\/cs\/kariera\/"]}]},{"@type":"ImageObject","inLanguage":"cs","@id":"https:\/\/www.oetinger.net\/cs\/kariera\/#primaryimage","url":"https:\/\/www.oetinger.net\/wp-content\/uploads\/2023\/10\/Career.png","contentUrl":"https:\/\/www.oetinger.net\/wp-content\/uploads\/2023\/10\/Career.png","width":1920,"height":800},{"@type":"BreadcrumbList","@id":"https:\/\/www.oetinger.net\/cs\/kariera\/#breadcrumb","itemListElement":[{"@type":"ListItem","position":1,"name":"Home","item":"https:\/\/www.oetinger.net\/cs\/"},{"@type":"ListItem","position":2,"name":"Pro\u010d byste m\u011bli pracovat [label type=\"light\"]ve spole\u010dnosti[\/label] Oetinger?"}]},{"@type":"WebSite","@id":"https:\/\/www.oetinger.net\/cs\/#website","url":"https:\/\/www.oetinger.net\/cs\/","name":"Oetinger","description":"","publisher":{"@id":"https:\/\/www.oetinger.net\/cs\/#organization"},"potentialAction":[{"@type":"SearchAction","target":{"@type":"EntryPoint","urlTemplate":"https:\/\/www.oetinger.net\/cs\/?s={search_term_string}"},"query-input":{"@type":"PropertyValueSpecification","valueRequired":true,"valueName":"search_term_string"}}],"inLanguage":"cs"},{"@type":"Organization","@id":"https:\/\/www.oetinger.net\/cs\/#organization","name":"Oetinger","url":"https:\/\/www.oetinger.net\/cs\/","logo":{"@type":"ImageObject","inLanguage":"cs","@id":"https:\/\/www.oetinger.net\/cs\/#\/schema\/logo\/image\/","url":"https:\/\/oetinger.bonderio.cz\/wp-content\/uploads\/2023\/09\/favicon.png","contentUrl":"https:\/\/oetinger.bonderio.cz\/wp-content\/uploads\/2023\/09\/favicon.png","width":129,"height":128,"caption":"Oetinger"},"image":{"@id":"https:\/\/www.oetinger.net\/cs\/#\/schema\/logo\/image\/"}}]}},"_links":{"self":[{"href":"https:\/\/www.oetinger.net\/cs\/wp-json\/wp\/v2\/pages\/1216","targetHints":{"allow":["GET"]}}],"collection":[{"href":"https:\/\/www.oetinger.net\/cs\/wp-json\/wp\/v2\/pages"}],"about":[{"href":"https:\/\/www.oetinger.net\/cs\/wp-json\/wp\/v2\/types\/page"}],"author":[{"embeddable":true,"href":"https:\/\/www.oetinger.net\/cs\/wp-json\/wp\/v2\/users\/1"}],"replies":[{"embeddable":true,"href":"https:\/\/www.oetinger.net\/cs\/wp-json\/wp\/v2\/comments?post=1216"}],"version-history":[{"count":9,"href":"https:\/\/www.oetinger.net\/cs\/wp-json\/wp\/v2\/pages\/1216\/revisions"}],"predecessor-version":[{"id":3086,"href":"https:\/\/www.oetinger.net\/cs\/wp-json\/wp\/v2\/pages\/1216\/revisions\/3086"}],"wp:featuredmedia":[{"embeddable":true,"href":"https:\/\/www.oetinger.net\/cs\/wp-json\/wp\/v2\/media\/1391"}],"wp:attachment":[{"href":"https:\/\/www.oetinger.net\/cs\/wp-json\/wp\/v2\/media?parent=1216"}],"curies":[{"name":"wp","href":"https:\/\/api.w.org\/{rel}","templated":true}]}}