{"id":1241,"date":"2023-09-15T18:14:07","date_gmt":"2023-09-15T17:14:07","guid":{"rendered":"https:\/\/oetinger.bonderio.cz\/werk-neu-ulm\/"},"modified":"2023-10-17T08:54:30","modified_gmt":"2023-10-17T07:54:30","slug":"werk-neu-ulm","status":"publish","type":"page","link":"https:\/\/www.oetinger.net\/cs\/werk-neu-ulm\/","title":{"rendered":"V\u00edtejte v na\u0161\u00ed <br \/> huti v [label type=\"light\"]Neu-Ulmu[\/label]"},"content":{"rendered":"<p><strong>V roce 1946 zalo\u017eil Karl Konzelmann v Neu-Ulmu firmu.<\/strong><br \/>\n<strong>Od roku 2005 je z\u00e1vod v Neu-Ulmu sou\u010d\u00e1st\u00ed skupiny OETINGER.<\/strong><\/p>\n<p>Denn\u011b se zde vyrob\u00ed p\u0159ibli\u017en\u011b 260 tun hlin\u00edku a pracuje zde 56 zam\u011bstnanc\u016f ve t\u0159ech sm\u011bn\u00e1ch. A\u017e 16 dod\u00e1vek tekut\u00e9ho kovu se v tomto z\u00e1vod\u011b nakl\u00e1d\u00e1 &#8222;just in time&#8220; a dod\u00e1v\u00e1 z\u00e1kazn\u00edk\u016fm. Krom\u011b tekut\u00e9ho hlin\u00edku se do z\u00e1vod\u016f v Neu-Ulmu a Wei\u00dfenhornu ro\u010dn\u011b dod\u00e1 20 000 a\u017e 35 000 tun hlin\u00edkov\u00fdch ingot\u016f.<\/p>\n<p>Za 50 let zde bylo vyrobeno a dod\u00e1no celkem v\u00edce ne\u017e 3 miliony tun tekut\u00e9ho kovu.<\/p>\n<p>N\u00e1\u0161 z\u00e1vod v Neu-Ulmu je vybaven nejmodern\u011bj\u0161\u00edmi zpracovatelsk\u00fdmi za\u0159\u00edzen\u00edmi, v\u010detn\u011b n\u016f\u017eek na \u0161rot, drti\u010d\u016f t\u0159\u00edsek a syst\u00e9m\u016f pro tepeln\u00e9 i mechanick\u00e9 zpracov\u00e1n\u00ed t\u0159\u00edsek. Tyto syst\u00e9my jsou kl\u00ed\u010dov\u00e9 pro zpracov\u00e1n\u00ed dodan\u00e9ho materi\u00e1lu a jeho p\u0159\u00edpravu pro optim\u00e1ln\u00ed vyu\u017eit\u00ed v na\u0161\u00ed v\u00fdrob\u011b.<\/p>\n<p>Zam\u011b\u0159ujeme se na inovace a nejvy\u0161\u0161\u00ed p\u0159esnost, abychom na\u0161im z\u00e1kazn\u00edk\u016fm poskytli hlin\u00edkov\u00e1 \u0159e\u0161en\u00ed, kter\u00e1 spl\u0148uj\u00ed nejvy\u0161\u0161\u00ed standardy kvality.<\/p>\n","protected":false},"excerpt":{"rendered":"<p>V roce 1946 zalo\u017eil Karl Konzelmann v Neu-Ulmu firmu. Od roku 2005 je z\u00e1vod v Neu-Ulmu sou\u010d\u00e1st\u00ed skupiny OETINGER. Denn\u011b se zde vyrob\u00ed p\u0159ibli\u017en\u011b 260 tun hlin\u00edku a pracuje zde 56 zam\u011bstnanc\u016f ve t\u0159ech sm\u011bn\u00e1ch. A\u017e 16 dod\u00e1vek tekut\u00e9ho kovu se v tomto z\u00e1vod\u011b nakl\u00e1d\u00e1 &#8222;just in time&#8220; a dod\u00e1v\u00e1 z\u00e1kazn\u00edk\u016fm. Krom\u011b tekut\u00e9ho hlin\u00edku se [&hellip;]<\/p>\n","protected":false},"author":1,"featured_media":1593,"parent":0,"menu_order":0,"comment_status":"closed","ping_status":"closed","template":"mille.php","meta":{"footnotes":""},"class_list":["post-1241","page","type-page","status-publish","has-post-thumbnail","hentry"],"yoast_head":"<!-- This site is optimized with the Yoast SEO plugin v27.5 - https:\/\/yoast.com\/product\/yoast-seo-wordpress\/ -->\n<title>Hu\u0165 Neu-Ulm<\/title>\n<meta name=\"description\" content=\"V\u00edtejte v huti Neu-Ulm. Denn\u011b vyrob\u00edme 620 tun hlin\u00edku se 125 zam\u011bstnanci ve 3 sm\u011bnn\u00e9m provozu. 90% produkce tvo\u0159\u00ed tekut\u00fd hlin\u00edk.\" \/>\n<meta name=\"robots\" content=\"index, follow, max-snippet:-1, max-image-preview:large, max-video-preview:-1\" \/>\n<link rel=\"canonical\" href=\"https:\/\/www.oetinger.net\/cs\/werk-neu-ulm\/\" \/>\n<meta property=\"og:locale\" content=\"cs_CZ\" \/>\n<meta property=\"og:type\" content=\"article\" \/>\n<meta property=\"og:title\" content=\"Hu\u0165 Neu-Ulm\" \/>\n<meta property=\"og:description\" content=\"V\u00edtejte v huti Neu-Ulm. Denn\u011b vyrob\u00edme 620 tun hlin\u00edku se 125 zam\u011bstnanci ve 3 sm\u011bnn\u00e9m provozu. 90% produkce tvo\u0159\u00ed tekut\u00fd hlin\u00edk.\" \/>\n<meta property=\"og:url\" content=\"https:\/\/www.oetinger.net\/cs\/werk-neu-ulm\/\" \/>\n<meta property=\"og:site_name\" content=\"Oetinger Aluminium\" \/>\n<meta property=\"article:modified_time\" content=\"2023-10-17T07:54:30+00:00\" \/>\n<meta property=\"og:image\" content=\"https:\/\/www.oetinger.net\/wp-content\/uploads\/2023\/10\/Neu-Ulm-min-scaled.webp\" \/>\n\t<meta property=\"og:image:width\" content=\"2560\" \/>\n\t<meta property=\"og:image:height\" content=\"1089\" \/>\n\t<meta property=\"og:image:type\" content=\"image\/webp\" \/>\n<meta name=\"twitter:card\" content=\"summary_large_image\" \/>\n<meta name=\"twitter:label1\" content=\"Odhadovan\u00e1 doba \u010dten\u00ed\" \/>\n\t<meta name=\"twitter:data1\" content=\"1 minuta\" \/>\n<script type=\"application\/ld+json\" class=\"yoast-schema-graph\">{\"@context\":\"https:\\\/\\\/schema.org\",\"@graph\":[{\"@type\":\"WebPage\",\"@id\":\"https:\\\/\\\/www.oetinger.net\\\/cs\\\/werk-neu-ulm\\\/\",\"url\":\"https:\\\/\\\/www.oetinger.net\\\/cs\\\/werk-neu-ulm\\\/\",\"name\":\"Hu\u0165 Neu-Ulm\",\"isPartOf\":{\"@id\":\"https:\\\/\\\/www.oetinger.net\\\/cs\\\/#website\"},\"primaryImageOfPage\":{\"@id\":\"https:\\\/\\\/www.oetinger.net\\\/cs\\\/werk-neu-ulm\\\/#primaryimage\"},\"image\":{\"@id\":\"https:\\\/\\\/www.oetinger.net\\\/cs\\\/werk-neu-ulm\\\/#primaryimage\"},\"thumbnailUrl\":\"https:\\\/\\\/www.oetinger.net\\\/wp-content\\\/uploads\\\/2023\\\/10\\\/Neu-Ulm-min-scaled.webp\",\"datePublished\":\"2023-09-15T17:14:07+00:00\",\"dateModified\":\"2023-10-17T07:54:30+00:00\",\"description\":\"V\u00edtejte v huti Neu-Ulm. Denn\u011b vyrob\u00edme 620 tun hlin\u00edku se 125 zam\u011bstnanci ve 3 sm\u011bnn\u00e9m provozu. 90% produkce tvo\u0159\u00ed tekut\u00fd hlin\u00edk.\",\"breadcrumb\":{\"@id\":\"https:\\\/\\\/www.oetinger.net\\\/cs\\\/werk-neu-ulm\\\/#breadcrumb\"},\"inLanguage\":\"cs\",\"potentialAction\":[{\"@type\":\"ReadAction\",\"target\":[\"https:\\\/\\\/www.oetinger.net\\\/cs\\\/werk-neu-ulm\\\/\"]}]},{\"@type\":\"ImageObject\",\"inLanguage\":\"cs\",\"@id\":\"https:\\\/\\\/www.oetinger.net\\\/cs\\\/werk-neu-ulm\\\/#primaryimage\",\"url\":\"https:\\\/\\\/www.oetinger.net\\\/wp-content\\\/uploads\\\/2023\\\/10\\\/Neu-Ulm-min-scaled.webp\",\"contentUrl\":\"https:\\\/\\\/www.oetinger.net\\\/wp-content\\\/uploads\\\/2023\\\/10\\\/Neu-Ulm-min-scaled.webp\",\"width\":2560,\"height\":1089},{\"@type\":\"BreadcrumbList\",\"@id\":\"https:\\\/\\\/www.oetinger.net\\\/cs\\\/werk-neu-ulm\\\/#breadcrumb\",\"itemListElement\":[{\"@type\":\"ListItem\",\"position\":1,\"name\":\"Home\",\"item\":\"https:\\\/\\\/www.oetinger.net\\\/cs\\\/\"},{\"@type\":\"ListItem\",\"position\":2,\"name\":\"V\u00edtejte v na\u0161\u00ed huti v [label type=\\\"light\\\"]Neu-Ulmu[\\\/label]\"}]},{\"@type\":\"WebSite\",\"@id\":\"https:\\\/\\\/www.oetinger.net\\\/cs\\\/#website\",\"url\":\"https:\\\/\\\/www.oetinger.net\\\/cs\\\/\",\"name\":\"Oetinger\",\"description\":\"\",\"publisher\":{\"@id\":\"https:\\\/\\\/www.oetinger.net\\\/cs\\\/#organization\"},\"potentialAction\":[{\"@type\":\"SearchAction\",\"target\":{\"@type\":\"EntryPoint\",\"urlTemplate\":\"https:\\\/\\\/www.oetinger.net\\\/cs\\\/?s={search_term_string}\"},\"query-input\":{\"@type\":\"PropertyValueSpecification\",\"valueRequired\":true,\"valueName\":\"search_term_string\"}}],\"inLanguage\":\"cs\"},{\"@type\":\"Organization\",\"@id\":\"https:\\\/\\\/www.oetinger.net\\\/cs\\\/#organization\",\"name\":\"Oetinger\",\"url\":\"https:\\\/\\\/www.oetinger.net\\\/cs\\\/\",\"logo\":{\"@type\":\"ImageObject\",\"inLanguage\":\"cs\",\"@id\":\"https:\\\/\\\/www.oetinger.net\\\/cs\\\/#\\\/schema\\\/logo\\\/image\\\/\",\"url\":\"https:\\\/\\\/oetinger.bonderio.cz\\\/wp-content\\\/uploads\\\/2023\\\/09\\\/favicon.png\",\"contentUrl\":\"https:\\\/\\\/oetinger.bonderio.cz\\\/wp-content\\\/uploads\\\/2023\\\/09\\\/favicon.png\",\"width\":129,\"height\":128,\"caption\":\"Oetinger\"},\"image\":{\"@id\":\"https:\\\/\\\/www.oetinger.net\\\/cs\\\/#\\\/schema\\\/logo\\\/image\\\/\"}}]}<\/script>\n<!-- \/ Yoast SEO plugin. -->","yoast_head_json":{"title":"Hu\u0165 Neu-Ulm","description":"V\u00edtejte v huti Neu-Ulm. Denn\u011b vyrob\u00edme 620 tun hlin\u00edku se 125 zam\u011bstnanci ve 3 sm\u011bnn\u00e9m provozu. 90% produkce tvo\u0159\u00ed tekut\u00fd hlin\u00edk.","robots":{"index":"index","follow":"follow","max-snippet":"max-snippet:-1","max-image-preview":"max-image-preview:large","max-video-preview":"max-video-preview:-1"},"canonical":"https:\/\/www.oetinger.net\/cs\/werk-neu-ulm\/","og_locale":"cs_CZ","og_type":"article","og_title":"Hu\u0165 Neu-Ulm","og_description":"V\u00edtejte v huti Neu-Ulm. Denn\u011b vyrob\u00edme 620 tun hlin\u00edku se 125 zam\u011bstnanci ve 3 sm\u011bnn\u00e9m provozu. 90% produkce tvo\u0159\u00ed tekut\u00fd hlin\u00edk.","og_url":"https:\/\/www.oetinger.net\/cs\/werk-neu-ulm\/","og_site_name":"Oetinger Aluminium","article_modified_time":"2023-10-17T07:54:30+00:00","og_image":[{"width":2560,"height":1089,"url":"https:\/\/www.oetinger.net\/wp-content\/uploads\/2023\/10\/Neu-Ulm-min-scaled.webp","type":"image\/webp"}],"twitter_card":"summary_large_image","twitter_misc":{"Odhadovan\u00e1 doba \u010dten\u00ed":"1 minuta"},"schema":{"@context":"https:\/\/schema.org","@graph":[{"@type":"WebPage","@id":"https:\/\/www.oetinger.net\/cs\/werk-neu-ulm\/","url":"https:\/\/www.oetinger.net\/cs\/werk-neu-ulm\/","name":"Hu\u0165 Neu-Ulm","isPartOf":{"@id":"https:\/\/www.oetinger.net\/cs\/#website"},"primaryImageOfPage":{"@id":"https:\/\/www.oetinger.net\/cs\/werk-neu-ulm\/#primaryimage"},"image":{"@id":"https:\/\/www.oetinger.net\/cs\/werk-neu-ulm\/#primaryimage"},"thumbnailUrl":"https:\/\/www.oetinger.net\/wp-content\/uploads\/2023\/10\/Neu-Ulm-min-scaled.webp","datePublished":"2023-09-15T17:14:07+00:00","dateModified":"2023-10-17T07:54:30+00:00","description":"V\u00edtejte v huti Neu-Ulm. Denn\u011b vyrob\u00edme 620 tun hlin\u00edku se 125 zam\u011bstnanci ve 3 sm\u011bnn\u00e9m provozu. 90% produkce tvo\u0159\u00ed tekut\u00fd hlin\u00edk.","breadcrumb":{"@id":"https:\/\/www.oetinger.net\/cs\/werk-neu-ulm\/#breadcrumb"},"inLanguage":"cs","potentialAction":[{"@type":"ReadAction","target":["https:\/\/www.oetinger.net\/cs\/werk-neu-ulm\/"]}]},{"@type":"ImageObject","inLanguage":"cs","@id":"https:\/\/www.oetinger.net\/cs\/werk-neu-ulm\/#primaryimage","url":"https:\/\/www.oetinger.net\/wp-content\/uploads\/2023\/10\/Neu-Ulm-min-scaled.webp","contentUrl":"https:\/\/www.oetinger.net\/wp-content\/uploads\/2023\/10\/Neu-Ulm-min-scaled.webp","width":2560,"height":1089},{"@type":"BreadcrumbList","@id":"https:\/\/www.oetinger.net\/cs\/werk-neu-ulm\/#breadcrumb","itemListElement":[{"@type":"ListItem","position":1,"name":"Home","item":"https:\/\/www.oetinger.net\/cs\/"},{"@type":"ListItem","position":2,"name":"V\u00edtejte v na\u0161\u00ed huti v [label type=\"light\"]Neu-Ulmu[\/label]"}]},{"@type":"WebSite","@id":"https:\/\/www.oetinger.net\/cs\/#website","url":"https:\/\/www.oetinger.net\/cs\/","name":"Oetinger","description":"","publisher":{"@id":"https:\/\/www.oetinger.net\/cs\/#organization"},"potentialAction":[{"@type":"SearchAction","target":{"@type":"EntryPoint","urlTemplate":"https:\/\/www.oetinger.net\/cs\/?s={search_term_string}"},"query-input":{"@type":"PropertyValueSpecification","valueRequired":true,"valueName":"search_term_string"}}],"inLanguage":"cs"},{"@type":"Organization","@id":"https:\/\/www.oetinger.net\/cs\/#organization","name":"Oetinger","url":"https:\/\/www.oetinger.net\/cs\/","logo":{"@type":"ImageObject","inLanguage":"cs","@id":"https:\/\/www.oetinger.net\/cs\/#\/schema\/logo\/image\/","url":"https:\/\/oetinger.bonderio.cz\/wp-content\/uploads\/2023\/09\/favicon.png","contentUrl":"https:\/\/oetinger.bonderio.cz\/wp-content\/uploads\/2023\/09\/favicon.png","width":129,"height":128,"caption":"Oetinger"},"image":{"@id":"https:\/\/www.oetinger.net\/cs\/#\/schema\/logo\/image\/"}}]}},"_links":{"self":[{"href":"https:\/\/www.oetinger.net\/cs\/wp-json\/wp\/v2\/pages\/1241","targetHints":{"allow":["GET"]}}],"collection":[{"href":"https:\/\/www.oetinger.net\/cs\/wp-json\/wp\/v2\/pages"}],"about":[{"href":"https:\/\/www.oetinger.net\/cs\/wp-json\/wp\/v2\/types\/page"}],"author":[{"embeddable":true,"href":"https:\/\/www.oetinger.net\/cs\/wp-json\/wp\/v2\/users\/1"}],"replies":[{"embeddable":true,"href":"https:\/\/www.oetinger.net\/cs\/wp-json\/wp\/v2\/comments?post=1241"}],"version-history":[{"count":9,"href":"https:\/\/www.oetinger.net\/cs\/wp-json\/wp\/v2\/pages\/1241\/revisions"}],"predecessor-version":[{"id":1744,"href":"https:\/\/www.oetinger.net\/cs\/wp-json\/wp\/v2\/pages\/1241\/revisions\/1744"}],"wp:featuredmedia":[{"embeddable":true,"href":"https:\/\/www.oetinger.net\/cs\/wp-json\/wp\/v2\/media\/1593"}],"wp:attachment":[{"href":"https:\/\/www.oetinger.net\/cs\/wp-json\/wp\/v2\/media?parent=1241"}],"curies":[{"name":"wp","href":"https:\/\/api.w.org\/{rel}","templated":true}]}}