{"id":1242,"date":"2023-09-15T18:33:35","date_gmt":"2023-09-15T17:33:35","guid":{"rendered":"https:\/\/oetinger.bonderio.cz\/werk-weissenhorn\/"},"modified":"2023-10-17T08:53:24","modified_gmt":"2023-10-17T07:53:24","slug":"hut-weissenhorn","status":"publish","type":"page","link":"https:\/\/www.oetinger.net\/cs\/hut-weissenhorn\/","title":{"rendered":"V\u00edtejte v na\u0161\u00ed <br \/> huti ve [label type=\"light\"]Wei\u00dfenhornu[\/label]"},"content":{"rendered":"<p><strong>Karl a Walter Oetingerovi zalo\u017eili v roce 1946 ve Wei\u00dfenhornu spole\u010dnost Karl OETINGER KG.<\/strong><\/p>\n<p>Denn\u011b se zde vyrob\u00ed p\u0159ibli\u017en\u011b 360 tun hlin\u00edku a pracuje zde 75 zam\u011bstnanc\u016f ve t\u0159ech sm\u011bn\u00e1ch. A\u017e 23 dod\u00e1vek tekut\u00e9ho kovu se v tomto m\u00edst\u011b nakl\u00e1d\u00e1 &#8222;just in time&#8220; a dod\u00e1v\u00e1 z\u00e1kazn\u00edk\u016fm. Krom\u011b tekut\u00e9ho hlin\u00edku se do z\u00e1vod\u016f Wei\u00dfenhorn a Neu-Ulm ro\u010dn\u011b dod\u00e1 20 000 a\u017e 35 000 tun hlin\u00edkov\u00fdch ingot\u016f.<\/p>\n<p>Prvn\u00ed dod\u00e1vka tekut\u00e9ho kovu se uskute\u010dnila v roce 1973. Za 50 let bylo vyrobeno a dod\u00e1no celkem v\u00edce ne\u017e 3 miliony tun tekut\u00e9ho kovu.<\/p>\n<p>V na\u0161em z\u00e1vod\u011b ve Wei\u00dfenhornu se spol\u00e9h\u00e1me na nejmodern\u011bj\u0161\u00ed zpracovatelsk\u00e1 za\u0159\u00edzen\u00ed, v\u010detn\u011b za\u0159\u00edzen\u00ed na tepeln\u00e9 a mechanick\u00e9 zpracov\u00e1n\u00ed t\u0159\u00edsek, jako\u017e i t\u0159\u00eddic\u00edho bubnu a dvou briket\u00e1ren. Tato technologick\u00e1 mistrovsk\u00e1 d\u00edla hraj\u00ed kl\u00ed\u010dovou roli p\u0159i zpracov\u00e1n\u00ed dodan\u00e9ho materi\u00e1lu, a tedy pro optim\u00e1ln\u00ed vyu\u017eit\u00ed v na\u0161\u00ed v\u00fdrob\u011b.<\/p>\n<p>Neust\u00e1l\u00fdmi investicemi do na\u0161ich v\u00fdrobn\u00edch syst\u00e9m\u016f zaji\u0161\u0165ujeme, \u017ee i v budoucnu budeme spl\u0148ovat po\u017eadavky na\u0161ich z\u00e1kazn\u00edk\u016f na kvalitu.<\/p>\n","protected":false},"excerpt":{"rendered":"<p>Karl a Walter Oetingerovi zalo\u017eili v roce 1946 ve Wei\u00dfenhornu spole\u010dnost Karl OETINGER KG. Denn\u011b se zde vyrob\u00ed p\u0159ibli\u017en\u011b 360 tun hlin\u00edku a pracuje zde 75 zam\u011bstnanc\u016f ve t\u0159ech sm\u011bn\u00e1ch. A\u017e 23 dod\u00e1vek tekut\u00e9ho kovu se v tomto m\u00edst\u011b nakl\u00e1d\u00e1 &#8222;just in time&#8220; a dod\u00e1v\u00e1 z\u00e1kazn\u00edk\u016fm. Krom\u011b tekut\u00e9ho hlin\u00edku se do z\u00e1vod\u016f Wei\u00dfenhorn a Neu-Ulm [&hellip;]<\/p>\n","protected":false},"author":1,"featured_media":1403,"parent":0,"menu_order":0,"comment_status":"closed","ping_status":"closed","template":"mille.php","meta":{"footnotes":""},"class_list":["post-1242","page","type-page","status-publish","has-post-thumbnail","hentry"],"yoast_head":"<!-- This site is optimized with the Yoast SEO plugin v27.4 - https:\/\/yoast.com\/product\/yoast-seo-wordpress\/ -->\n<title>Hu\u0165 Wei\u00dfenhorn<\/title>\n<meta name=\"description\" content=\"V\u00edtejte v na\u0161\u00ed huti ve Wei\u00dfenhornu. Denn\u011b zde vyrob\u00edme 620 tun hlin\u00edku se 125 zam\u011bstnanci ve 3 sm\u011bnn\u00e9m provozu. 90% na\u0161\u00ed produkce tvo\u0159\u00ed tekut\u00fd hlin\u00edk.\" \/>\n<meta name=\"robots\" content=\"index, follow, max-snippet:-1, max-image-preview:large, max-video-preview:-1\" \/>\n<link rel=\"canonical\" href=\"https:\/\/www.oetinger.net\/cs\/hut-weissenhorn\/\" \/>\n<meta property=\"og:locale\" content=\"cs_CZ\" \/>\n<meta property=\"og:type\" content=\"article\" \/>\n<meta property=\"og:title\" content=\"Hu\u0165 Wei\u00dfenhorn\" \/>\n<meta property=\"og:description\" content=\"V\u00edtejte v na\u0161\u00ed huti ve Wei\u00dfenhornu. Denn\u011b zde vyrob\u00edme 620 tun hlin\u00edku se 125 zam\u011bstnanci ve 3 sm\u011bnn\u00e9m provozu. 90% na\u0161\u00ed produkce tvo\u0159\u00ed tekut\u00fd hlin\u00edk.\" \/>\n<meta property=\"og:url\" content=\"https:\/\/www.oetinger.net\/cs\/hut-weissenhorn\/\" \/>\n<meta property=\"og:site_name\" content=\"Oetinger Aluminium\" \/>\n<meta property=\"article:modified_time\" content=\"2023-10-17T07:53:24+00:00\" \/>\n<meta property=\"og:image\" content=\"https:\/\/www.oetinger.net\/wp-content\/uploads\/2023\/10\/Header-of-Velvary-1024x341.png\" \/>\n\t<meta property=\"og:image:width\" content=\"1024\" \/>\n\t<meta property=\"og:image:height\" content=\"341\" \/>\n\t<meta property=\"og:image:type\" content=\"image\/png\" \/>\n<meta name=\"twitter:card\" content=\"summary_large_image\" \/>\n<meta name=\"twitter:label1\" content=\"Odhadovan\u00e1 doba \u010dten\u00ed\" \/>\n\t<meta name=\"twitter:data1\" content=\"1 minuta\" \/>\n<script type=\"application\/ld+json\" class=\"yoast-schema-graph\">{\"@context\":\"https:\\\/\\\/schema.org\",\"@graph\":[{\"@type\":\"WebPage\",\"@id\":\"https:\\\/\\\/www.oetinger.net\\\/cs\\\/hut-weissenhorn\\\/\",\"url\":\"https:\\\/\\\/www.oetinger.net\\\/cs\\\/hut-weissenhorn\\\/\",\"name\":\"Hu\u0165 Wei\u00dfenhorn\",\"isPartOf\":{\"@id\":\"https:\\\/\\\/www.oetinger.net\\\/cs\\\/#website\"},\"primaryImageOfPage\":{\"@id\":\"https:\\\/\\\/www.oetinger.net\\\/cs\\\/hut-weissenhorn\\\/#primaryimage\"},\"image\":{\"@id\":\"https:\\\/\\\/www.oetinger.net\\\/cs\\\/hut-weissenhorn\\\/#primaryimage\"},\"thumbnailUrl\":\"https:\\\/\\\/www.oetinger.net\\\/wp-content\\\/uploads\\\/2023\\\/10\\\/Header-of-Velvary.png\",\"datePublished\":\"2023-09-15T17:33:35+00:00\",\"dateModified\":\"2023-10-17T07:53:24+00:00\",\"description\":\"V\u00edtejte v na\u0161\u00ed huti ve Wei\u00dfenhornu. Denn\u011b zde vyrob\u00edme 620 tun hlin\u00edku se 125 zam\u011bstnanci ve 3 sm\u011bnn\u00e9m provozu. 90% na\u0161\u00ed produkce tvo\u0159\u00ed tekut\u00fd hlin\u00edk.\",\"breadcrumb\":{\"@id\":\"https:\\\/\\\/www.oetinger.net\\\/cs\\\/hut-weissenhorn\\\/#breadcrumb\"},\"inLanguage\":\"cs\",\"potentialAction\":[{\"@type\":\"ReadAction\",\"target\":[\"https:\\\/\\\/www.oetinger.net\\\/cs\\\/hut-weissenhorn\\\/\"]}]},{\"@type\":\"ImageObject\",\"inLanguage\":\"cs\",\"@id\":\"https:\\\/\\\/www.oetinger.net\\\/cs\\\/hut-weissenhorn\\\/#primaryimage\",\"url\":\"https:\\\/\\\/www.oetinger.net\\\/wp-content\\\/uploads\\\/2023\\\/10\\\/Header-of-Velvary.png\",\"contentUrl\":\"https:\\\/\\\/www.oetinger.net\\\/wp-content\\\/uploads\\\/2023\\\/10\\\/Header-of-Velvary.png\",\"width\":1920,\"height\":640},{\"@type\":\"BreadcrumbList\",\"@id\":\"https:\\\/\\\/www.oetinger.net\\\/cs\\\/hut-weissenhorn\\\/#breadcrumb\",\"itemListElement\":[{\"@type\":\"ListItem\",\"position\":1,\"name\":\"Home\",\"item\":\"https:\\\/\\\/www.oetinger.net\\\/cs\\\/\"},{\"@type\":\"ListItem\",\"position\":2,\"name\":\"V\u00edtejte v na\u0161\u00ed huti ve [label type=\\\"light\\\"]Wei\u00dfenhornu[\\\/label]\"}]},{\"@type\":\"WebSite\",\"@id\":\"https:\\\/\\\/www.oetinger.net\\\/cs\\\/#website\",\"url\":\"https:\\\/\\\/www.oetinger.net\\\/cs\\\/\",\"name\":\"Oetinger\",\"description\":\"\",\"publisher\":{\"@id\":\"https:\\\/\\\/www.oetinger.net\\\/cs\\\/#organization\"},\"potentialAction\":[{\"@type\":\"SearchAction\",\"target\":{\"@type\":\"EntryPoint\",\"urlTemplate\":\"https:\\\/\\\/www.oetinger.net\\\/cs\\\/?s={search_term_string}\"},\"query-input\":{\"@type\":\"PropertyValueSpecification\",\"valueRequired\":true,\"valueName\":\"search_term_string\"}}],\"inLanguage\":\"cs\"},{\"@type\":\"Organization\",\"@id\":\"https:\\\/\\\/www.oetinger.net\\\/cs\\\/#organization\",\"name\":\"Oetinger\",\"url\":\"https:\\\/\\\/www.oetinger.net\\\/cs\\\/\",\"logo\":{\"@type\":\"ImageObject\",\"inLanguage\":\"cs\",\"@id\":\"https:\\\/\\\/www.oetinger.net\\\/cs\\\/#\\\/schema\\\/logo\\\/image\\\/\",\"url\":\"https:\\\/\\\/oetinger.bonderio.cz\\\/wp-content\\\/uploads\\\/2023\\\/09\\\/favicon.png\",\"contentUrl\":\"https:\\\/\\\/oetinger.bonderio.cz\\\/wp-content\\\/uploads\\\/2023\\\/09\\\/favicon.png\",\"width\":129,\"height\":128,\"caption\":\"Oetinger\"},\"image\":{\"@id\":\"https:\\\/\\\/www.oetinger.net\\\/cs\\\/#\\\/schema\\\/logo\\\/image\\\/\"}}]}<\/script>\n<!-- \/ Yoast SEO plugin. -->","yoast_head_json":{"title":"Hu\u0165 Wei\u00dfenhorn","description":"V\u00edtejte v na\u0161\u00ed huti ve Wei\u00dfenhornu. Denn\u011b zde vyrob\u00edme 620 tun hlin\u00edku se 125 zam\u011bstnanci ve 3 sm\u011bnn\u00e9m provozu. 90% na\u0161\u00ed produkce tvo\u0159\u00ed tekut\u00fd hlin\u00edk.","robots":{"index":"index","follow":"follow","max-snippet":"max-snippet:-1","max-image-preview":"max-image-preview:large","max-video-preview":"max-video-preview:-1"},"canonical":"https:\/\/www.oetinger.net\/cs\/hut-weissenhorn\/","og_locale":"cs_CZ","og_type":"article","og_title":"Hu\u0165 Wei\u00dfenhorn","og_description":"V\u00edtejte v na\u0161\u00ed huti ve Wei\u00dfenhornu. Denn\u011b zde vyrob\u00edme 620 tun hlin\u00edku se 125 zam\u011bstnanci ve 3 sm\u011bnn\u00e9m provozu. 90% na\u0161\u00ed produkce tvo\u0159\u00ed tekut\u00fd hlin\u00edk.","og_url":"https:\/\/www.oetinger.net\/cs\/hut-weissenhorn\/","og_site_name":"Oetinger Aluminium","article_modified_time":"2023-10-17T07:53:24+00:00","og_image":[{"width":1024,"height":341,"url":"https:\/\/www.oetinger.net\/wp-content\/uploads\/2023\/10\/Header-of-Velvary-1024x341.png","type":"image\/png"}],"twitter_card":"summary_large_image","twitter_misc":{"Odhadovan\u00e1 doba \u010dten\u00ed":"1 minuta"},"schema":{"@context":"https:\/\/schema.org","@graph":[{"@type":"WebPage","@id":"https:\/\/www.oetinger.net\/cs\/hut-weissenhorn\/","url":"https:\/\/www.oetinger.net\/cs\/hut-weissenhorn\/","name":"Hu\u0165 Wei\u00dfenhorn","isPartOf":{"@id":"https:\/\/www.oetinger.net\/cs\/#website"},"primaryImageOfPage":{"@id":"https:\/\/www.oetinger.net\/cs\/hut-weissenhorn\/#primaryimage"},"image":{"@id":"https:\/\/www.oetinger.net\/cs\/hut-weissenhorn\/#primaryimage"},"thumbnailUrl":"https:\/\/www.oetinger.net\/wp-content\/uploads\/2023\/10\/Header-of-Velvary.png","datePublished":"2023-09-15T17:33:35+00:00","dateModified":"2023-10-17T07:53:24+00:00","description":"V\u00edtejte v na\u0161\u00ed huti ve Wei\u00dfenhornu. Denn\u011b zde vyrob\u00edme 620 tun hlin\u00edku se 125 zam\u011bstnanci ve 3 sm\u011bnn\u00e9m provozu. 90% na\u0161\u00ed produkce tvo\u0159\u00ed tekut\u00fd hlin\u00edk.","breadcrumb":{"@id":"https:\/\/www.oetinger.net\/cs\/hut-weissenhorn\/#breadcrumb"},"inLanguage":"cs","potentialAction":[{"@type":"ReadAction","target":["https:\/\/www.oetinger.net\/cs\/hut-weissenhorn\/"]}]},{"@type":"ImageObject","inLanguage":"cs","@id":"https:\/\/www.oetinger.net\/cs\/hut-weissenhorn\/#primaryimage","url":"https:\/\/www.oetinger.net\/wp-content\/uploads\/2023\/10\/Header-of-Velvary.png","contentUrl":"https:\/\/www.oetinger.net\/wp-content\/uploads\/2023\/10\/Header-of-Velvary.png","width":1920,"height":640},{"@type":"BreadcrumbList","@id":"https:\/\/www.oetinger.net\/cs\/hut-weissenhorn\/#breadcrumb","itemListElement":[{"@type":"ListItem","position":1,"name":"Home","item":"https:\/\/www.oetinger.net\/cs\/"},{"@type":"ListItem","position":2,"name":"V\u00edtejte v na\u0161\u00ed huti ve [label type=\"light\"]Wei\u00dfenhornu[\/label]"}]},{"@type":"WebSite","@id":"https:\/\/www.oetinger.net\/cs\/#website","url":"https:\/\/www.oetinger.net\/cs\/","name":"Oetinger","description":"","publisher":{"@id":"https:\/\/www.oetinger.net\/cs\/#organization"},"potentialAction":[{"@type":"SearchAction","target":{"@type":"EntryPoint","urlTemplate":"https:\/\/www.oetinger.net\/cs\/?s={search_term_string}"},"query-input":{"@type":"PropertyValueSpecification","valueRequired":true,"valueName":"search_term_string"}}],"inLanguage":"cs"},{"@type":"Organization","@id":"https:\/\/www.oetinger.net\/cs\/#organization","name":"Oetinger","url":"https:\/\/www.oetinger.net\/cs\/","logo":{"@type":"ImageObject","inLanguage":"cs","@id":"https:\/\/www.oetinger.net\/cs\/#\/schema\/logo\/image\/","url":"https:\/\/oetinger.bonderio.cz\/wp-content\/uploads\/2023\/09\/favicon.png","contentUrl":"https:\/\/oetinger.bonderio.cz\/wp-content\/uploads\/2023\/09\/favicon.png","width":129,"height":128,"caption":"Oetinger"},"image":{"@id":"https:\/\/www.oetinger.net\/cs\/#\/schema\/logo\/image\/"}}]}},"_links":{"self":[{"href":"https:\/\/www.oetinger.net\/cs\/wp-json\/wp\/v2\/pages\/1242","targetHints":{"allow":["GET"]}}],"collection":[{"href":"https:\/\/www.oetinger.net\/cs\/wp-json\/wp\/v2\/pages"}],"about":[{"href":"https:\/\/www.oetinger.net\/cs\/wp-json\/wp\/v2\/types\/page"}],"author":[{"embeddable":true,"href":"https:\/\/www.oetinger.net\/cs\/wp-json\/wp\/v2\/users\/1"}],"replies":[{"embeddable":true,"href":"https:\/\/www.oetinger.net\/cs\/wp-json\/wp\/v2\/comments?post=1242"}],"version-history":[{"count":13,"href":"https:\/\/www.oetinger.net\/cs\/wp-json\/wp\/v2\/pages\/1242\/revisions"}],"predecessor-version":[{"id":1742,"href":"https:\/\/www.oetinger.net\/cs\/wp-json\/wp\/v2\/pages\/1242\/revisions\/1742"}],"wp:featuredmedia":[{"embeddable":true,"href":"https:\/\/www.oetinger.net\/cs\/wp-json\/wp\/v2\/media\/1403"}],"wp:attachment":[{"href":"https:\/\/www.oetinger.net\/cs\/wp-json\/wp\/v2\/media?parent=1242"}],"curies":[{"name":"wp","href":"https:\/\/api.w.org\/{rel}","templated":true}]}}