{"id":1278,"date":"2023-09-15T18:34:30","date_gmt":"2023-09-15T17:34:30","guid":{"rendered":"https:\/\/oetinger.bonderio.cz\/werk-velvary\/"},"modified":"2024-10-07T11:51:59","modified_gmt":"2024-10-07T10:51:59","slug":"hut-velvary","status":"publish","type":"page","link":"https:\/\/www.oetinger.net\/cs\/hut-velvary\/","title":{"rendered":"V\u00edtejte v na\u0161\u00ed <br \/> huti ve [label type=\"light\"]Velvarech[\/label]"},"content":{"rendered":"<p><strong>V roce 1938 zalo\u017eil H\u00fcte Dr. Werheim ve Velvarech\u00a0 tov\u00e1rnu.<\/strong><br \/>\n<strong>Od z\u00e1\u0159\u00ed 2023 je z\u00e1vod ve Velvarech sou\u010d\u00e1st\u00ed skupiny OETINGER.<\/strong><\/p>\n<p>Denn\u011b se zde vyrob\u00ed p\u0159ibli\u017en\u011b 120 tun hlin\u00edku, p\u0159i\u010dem\u017e 90 zam\u011bstnanc\u016f pracuje ve 4 sm\u011bn\u00e1ch v nep\u0159etr\u017eit\u00e9m provozu. A\u017e \u010dty\u0159i dod\u00e1vky tekut\u00e9ho kovu jsou v tomto z\u00e1vod\u011b nakl\u00e1d\u00e1ny &#8222;just in time&#8220; a dod\u00e1v\u00e1ny na\u0161im z\u00e1kazn\u00edk\u016fm. Krom\u011b tekut\u00e9ho hlin\u00edku se ze z\u00e1vodu ve Velvarech ro\u010dn\u011b dod\u00e1 p\u0159ibli\u017en\u011b 32 000 tun hlin\u00edkov\u00fdch ingot\u016f.<\/p>\n<p>Za sedm let zde bylo vyrobeno a dod\u00e1no celkem v\u00edce ne\u017e 19 000 tun tekut\u00e9ho kovu.<\/p>\n<p>N\u00e1\u0161 z\u00e1vod ve Velvarech je vybaven nejmodern\u011bj\u0161\u00edmi zpracovatelsk\u00fdmi za\u0159\u00edzen\u00edmi, v\u010detn\u011b dvou briketovac\u00edch za\u0159\u00edzen\u00ed na zpracov\u00e1n\u00ed hlin\u00edkov\u00fdch t\u0159\u00edsek a lisovny. Tato za\u0159\u00edzen\u00ed jsou rozhoduj\u00edc\u00ed pro zpracov\u00e1n\u00ed vstupn\u00edho materi\u00e1lu a jeho p\u0159\u00edpravu pro optim\u00e1ln\u00ed vyu\u017eit\u00ed v na\u0161\u00ed v\u00fdrob\u011b.<\/p>\n<p>Zam\u011b\u0159ujeme se na inovace a nejvy\u0161\u0161\u00ed p\u0159esnost, abychom na\u0161im z\u00e1kazn\u00edk\u016fm poskytovali hlin\u00edkov\u00e1 \u0159e\u0161en\u00ed, kter\u00e1 spl\u0148uj\u00ed nejvy\u0161\u0161\u00ed standardy kvality.<\/p>\n","protected":false},"excerpt":{"rendered":"<p>V roce 1938 zalo\u017eil H\u00fcte Dr. Werheim ve Velvarech\u00a0 tov\u00e1rnu. Od z\u00e1\u0159\u00ed 2023 je z\u00e1vod ve Velvarech sou\u010d\u00e1st\u00ed skupiny OETINGER. Denn\u011b se zde vyrob\u00ed p\u0159ibli\u017en\u011b 120 tun hlin\u00edku, p\u0159i\u010dem\u017e 90 zam\u011bstnanc\u016f pracuje ve 4 sm\u011bn\u00e1ch v nep\u0159etr\u017eit\u00e9m provozu. A\u017e \u010dty\u0159i dod\u00e1vky tekut\u00e9ho kovu jsou v tomto z\u00e1vod\u011b nakl\u00e1d\u00e1ny &#8222;just in time&#8220; a dod\u00e1v\u00e1ny na\u0161im z\u00e1kazn\u00edk\u016fm. [&hellip;]<\/p>\n","protected":false},"author":1,"featured_media":1590,"parent":0,"menu_order":0,"comment_status":"closed","ping_status":"closed","template":"mille.php","meta":{"footnotes":""},"class_list":["post-1278","page","type-page","status-publish","has-post-thumbnail","hentry"],"yoast_head":"<!-- This site is optimized with the Yoast SEO plugin v27.5 - https:\/\/yoast.com\/product\/yoast-seo-wordpress\/ -->\n<title>Hu\u0165 Velvary<\/title>\n<meta name=\"description\" content=\"Denn\u011b v huti Velvary vyrob\u00edme 120 tun hlin\u00edku, 90 zam\u011bstnanc\u016f pracuje ve 4 sm\u011bn\u00e1ch v nep\u0159etr\u017eit\u00e9m provozu. Dod\u00e1vky tekut\u00e9ho hlin\u00edku 24\/7.\" \/>\n<meta name=\"robots\" content=\"index, follow, max-snippet:-1, max-image-preview:large, max-video-preview:-1\" \/>\n<link rel=\"canonical\" href=\"https:\/\/www.oetinger.net\/cs\/hut-velvary\/\" \/>\n<meta property=\"og:locale\" content=\"cs_CZ\" \/>\n<meta property=\"og:type\" content=\"article\" \/>\n<meta property=\"og:title\" content=\"Hu\u0165 Velvary\" \/>\n<meta property=\"og:description\" content=\"Denn\u011b v huti Velvary vyrob\u00edme 120 tun hlin\u00edku, 90 zam\u011bstnanc\u016f pracuje ve 4 sm\u011bn\u00e1ch v nep\u0159etr\u017eit\u00e9m provozu. Dod\u00e1vky tekut\u00e9ho hlin\u00edku 24\/7.\" \/>\n<meta property=\"og:url\" content=\"https:\/\/www.oetinger.net\/cs\/hut-velvary\/\" \/>\n<meta property=\"og:site_name\" content=\"Oetinger Aluminium\" \/>\n<meta property=\"article:modified_time\" content=\"2024-10-07T10:51:59+00:00\" \/>\n<meta property=\"og:image\" content=\"https:\/\/www.oetinger.net\/wp-content\/uploads\/2023\/10\/Velvary-min-scaled.webp\" \/>\n\t<meta property=\"og:image:width\" content=\"2560\" \/>\n\t<meta property=\"og:image:height\" content=\"1089\" \/>\n\t<meta property=\"og:image:type\" content=\"image\/webp\" \/>\n<meta name=\"twitter:card\" content=\"summary_large_image\" \/>\n<meta name=\"twitter:label1\" content=\"Odhadovan\u00e1 doba \u010dten\u00ed\" \/>\n\t<meta name=\"twitter:data1\" content=\"1 minuta\" \/>\n<script type=\"application\/ld+json\" class=\"yoast-schema-graph\">{\"@context\":\"https:\\\/\\\/schema.org\",\"@graph\":[{\"@type\":\"WebPage\",\"@id\":\"https:\\\/\\\/www.oetinger.net\\\/cs\\\/hut-velvary\\\/\",\"url\":\"https:\\\/\\\/www.oetinger.net\\\/cs\\\/hut-velvary\\\/\",\"name\":\"Hu\u0165 Velvary\",\"isPartOf\":{\"@id\":\"https:\\\/\\\/www.oetinger.net\\\/cs\\\/#website\"},\"primaryImageOfPage\":{\"@id\":\"https:\\\/\\\/www.oetinger.net\\\/cs\\\/hut-velvary\\\/#primaryimage\"},\"image\":{\"@id\":\"https:\\\/\\\/www.oetinger.net\\\/cs\\\/hut-velvary\\\/#primaryimage\"},\"thumbnailUrl\":\"https:\\\/\\\/www.oetinger.net\\\/wp-content\\\/uploads\\\/2023\\\/10\\\/Velvary-min-scaled.webp\",\"datePublished\":\"2023-09-15T17:34:30+00:00\",\"dateModified\":\"2024-10-07T10:51:59+00:00\",\"description\":\"Denn\u011b v huti Velvary vyrob\u00edme 120 tun hlin\u00edku, 90 zam\u011bstnanc\u016f pracuje ve 4 sm\u011bn\u00e1ch v nep\u0159etr\u017eit\u00e9m provozu. Dod\u00e1vky tekut\u00e9ho hlin\u00edku 24\\\/7.\",\"breadcrumb\":{\"@id\":\"https:\\\/\\\/www.oetinger.net\\\/cs\\\/hut-velvary\\\/#breadcrumb\"},\"inLanguage\":\"cs\",\"potentialAction\":[{\"@type\":\"ReadAction\",\"target\":[\"https:\\\/\\\/www.oetinger.net\\\/cs\\\/hut-velvary\\\/\"]}]},{\"@type\":\"ImageObject\",\"inLanguage\":\"cs\",\"@id\":\"https:\\\/\\\/www.oetinger.net\\\/cs\\\/hut-velvary\\\/#primaryimage\",\"url\":\"https:\\\/\\\/www.oetinger.net\\\/wp-content\\\/uploads\\\/2023\\\/10\\\/Velvary-min-scaled.webp\",\"contentUrl\":\"https:\\\/\\\/www.oetinger.net\\\/wp-content\\\/uploads\\\/2023\\\/10\\\/Velvary-min-scaled.webp\",\"width\":2560,\"height\":1089},{\"@type\":\"BreadcrumbList\",\"@id\":\"https:\\\/\\\/www.oetinger.net\\\/cs\\\/hut-velvary\\\/#breadcrumb\",\"itemListElement\":[{\"@type\":\"ListItem\",\"position\":1,\"name\":\"Home\",\"item\":\"https:\\\/\\\/www.oetinger.net\\\/cs\\\/\"},{\"@type\":\"ListItem\",\"position\":2,\"name\":\"V\u00edtejte v na\u0161\u00ed huti ve [label type=\\\"light\\\"]Velvarech[\\\/label]\"}]},{\"@type\":\"WebSite\",\"@id\":\"https:\\\/\\\/www.oetinger.net\\\/cs\\\/#website\",\"url\":\"https:\\\/\\\/www.oetinger.net\\\/cs\\\/\",\"name\":\"Oetinger\",\"description\":\"\",\"publisher\":{\"@id\":\"https:\\\/\\\/www.oetinger.net\\\/cs\\\/#organization\"},\"potentialAction\":[{\"@type\":\"SearchAction\",\"target\":{\"@type\":\"EntryPoint\",\"urlTemplate\":\"https:\\\/\\\/www.oetinger.net\\\/cs\\\/?s={search_term_string}\"},\"query-input\":{\"@type\":\"PropertyValueSpecification\",\"valueRequired\":true,\"valueName\":\"search_term_string\"}}],\"inLanguage\":\"cs\"},{\"@type\":\"Organization\",\"@id\":\"https:\\\/\\\/www.oetinger.net\\\/cs\\\/#organization\",\"name\":\"Oetinger\",\"url\":\"https:\\\/\\\/www.oetinger.net\\\/cs\\\/\",\"logo\":{\"@type\":\"ImageObject\",\"inLanguage\":\"cs\",\"@id\":\"https:\\\/\\\/www.oetinger.net\\\/cs\\\/#\\\/schema\\\/logo\\\/image\\\/\",\"url\":\"https:\\\/\\\/oetinger.bonderio.cz\\\/wp-content\\\/uploads\\\/2023\\\/09\\\/favicon.png\",\"contentUrl\":\"https:\\\/\\\/oetinger.bonderio.cz\\\/wp-content\\\/uploads\\\/2023\\\/09\\\/favicon.png\",\"width\":129,\"height\":128,\"caption\":\"Oetinger\"},\"image\":{\"@id\":\"https:\\\/\\\/www.oetinger.net\\\/cs\\\/#\\\/schema\\\/logo\\\/image\\\/\"}}]}<\/script>\n<!-- \/ Yoast SEO plugin. -->","yoast_head_json":{"title":"Hu\u0165 Velvary","description":"Denn\u011b v huti Velvary vyrob\u00edme 120 tun hlin\u00edku, 90 zam\u011bstnanc\u016f pracuje ve 4 sm\u011bn\u00e1ch v nep\u0159etr\u017eit\u00e9m provozu. Dod\u00e1vky tekut\u00e9ho hlin\u00edku 24\/7.","robots":{"index":"index","follow":"follow","max-snippet":"max-snippet:-1","max-image-preview":"max-image-preview:large","max-video-preview":"max-video-preview:-1"},"canonical":"https:\/\/www.oetinger.net\/cs\/hut-velvary\/","og_locale":"cs_CZ","og_type":"article","og_title":"Hu\u0165 Velvary","og_description":"Denn\u011b v huti Velvary vyrob\u00edme 120 tun hlin\u00edku, 90 zam\u011bstnanc\u016f pracuje ve 4 sm\u011bn\u00e1ch v nep\u0159etr\u017eit\u00e9m provozu. Dod\u00e1vky tekut\u00e9ho hlin\u00edku 24\/7.","og_url":"https:\/\/www.oetinger.net\/cs\/hut-velvary\/","og_site_name":"Oetinger Aluminium","article_modified_time":"2024-10-07T10:51:59+00:00","og_image":[{"width":2560,"height":1089,"url":"https:\/\/www.oetinger.net\/wp-content\/uploads\/2023\/10\/Velvary-min-scaled.webp","type":"image\/webp"}],"twitter_card":"summary_large_image","twitter_misc":{"Odhadovan\u00e1 doba \u010dten\u00ed":"1 minuta"},"schema":{"@context":"https:\/\/schema.org","@graph":[{"@type":"WebPage","@id":"https:\/\/www.oetinger.net\/cs\/hut-velvary\/","url":"https:\/\/www.oetinger.net\/cs\/hut-velvary\/","name":"Hu\u0165 Velvary","isPartOf":{"@id":"https:\/\/www.oetinger.net\/cs\/#website"},"primaryImageOfPage":{"@id":"https:\/\/www.oetinger.net\/cs\/hut-velvary\/#primaryimage"},"image":{"@id":"https:\/\/www.oetinger.net\/cs\/hut-velvary\/#primaryimage"},"thumbnailUrl":"https:\/\/www.oetinger.net\/wp-content\/uploads\/2023\/10\/Velvary-min-scaled.webp","datePublished":"2023-09-15T17:34:30+00:00","dateModified":"2024-10-07T10:51:59+00:00","description":"Denn\u011b v huti Velvary vyrob\u00edme 120 tun hlin\u00edku, 90 zam\u011bstnanc\u016f pracuje ve 4 sm\u011bn\u00e1ch v nep\u0159etr\u017eit\u00e9m provozu. Dod\u00e1vky tekut\u00e9ho hlin\u00edku 24\/7.","breadcrumb":{"@id":"https:\/\/www.oetinger.net\/cs\/hut-velvary\/#breadcrumb"},"inLanguage":"cs","potentialAction":[{"@type":"ReadAction","target":["https:\/\/www.oetinger.net\/cs\/hut-velvary\/"]}]},{"@type":"ImageObject","inLanguage":"cs","@id":"https:\/\/www.oetinger.net\/cs\/hut-velvary\/#primaryimage","url":"https:\/\/www.oetinger.net\/wp-content\/uploads\/2023\/10\/Velvary-min-scaled.webp","contentUrl":"https:\/\/www.oetinger.net\/wp-content\/uploads\/2023\/10\/Velvary-min-scaled.webp","width":2560,"height":1089},{"@type":"BreadcrumbList","@id":"https:\/\/www.oetinger.net\/cs\/hut-velvary\/#breadcrumb","itemListElement":[{"@type":"ListItem","position":1,"name":"Home","item":"https:\/\/www.oetinger.net\/cs\/"},{"@type":"ListItem","position":2,"name":"V\u00edtejte v na\u0161\u00ed huti ve [label type=\"light\"]Velvarech[\/label]"}]},{"@type":"WebSite","@id":"https:\/\/www.oetinger.net\/cs\/#website","url":"https:\/\/www.oetinger.net\/cs\/","name":"Oetinger","description":"","publisher":{"@id":"https:\/\/www.oetinger.net\/cs\/#organization"},"potentialAction":[{"@type":"SearchAction","target":{"@type":"EntryPoint","urlTemplate":"https:\/\/www.oetinger.net\/cs\/?s={search_term_string}"},"query-input":{"@type":"PropertyValueSpecification","valueRequired":true,"valueName":"search_term_string"}}],"inLanguage":"cs"},{"@type":"Organization","@id":"https:\/\/www.oetinger.net\/cs\/#organization","name":"Oetinger","url":"https:\/\/www.oetinger.net\/cs\/","logo":{"@type":"ImageObject","inLanguage":"cs","@id":"https:\/\/www.oetinger.net\/cs\/#\/schema\/logo\/image\/","url":"https:\/\/oetinger.bonderio.cz\/wp-content\/uploads\/2023\/09\/favicon.png","contentUrl":"https:\/\/oetinger.bonderio.cz\/wp-content\/uploads\/2023\/09\/favicon.png","width":129,"height":128,"caption":"Oetinger"},"image":{"@id":"https:\/\/www.oetinger.net\/cs\/#\/schema\/logo\/image\/"}}]}},"_links":{"self":[{"href":"https:\/\/www.oetinger.net\/cs\/wp-json\/wp\/v2\/pages\/1278","targetHints":{"allow":["GET"]}}],"collection":[{"href":"https:\/\/www.oetinger.net\/cs\/wp-json\/wp\/v2\/pages"}],"about":[{"href":"https:\/\/www.oetinger.net\/cs\/wp-json\/wp\/v2\/types\/page"}],"author":[{"embeddable":true,"href":"https:\/\/www.oetinger.net\/cs\/wp-json\/wp\/v2\/users\/1"}],"replies":[{"embeddable":true,"href":"https:\/\/www.oetinger.net\/cs\/wp-json\/wp\/v2\/comments?post=1278"}],"version-history":[{"count":16,"href":"https:\/\/www.oetinger.net\/cs\/wp-json\/wp\/v2\/pages\/1278\/revisions"}],"predecessor-version":[{"id":2572,"href":"https:\/\/www.oetinger.net\/cs\/wp-json\/wp\/v2\/pages\/1278\/revisions\/2572"}],"wp:featuredmedia":[{"embeddable":true,"href":"https:\/\/www.oetinger.net\/cs\/wp-json\/wp\/v2\/media\/1590"}],"wp:attachment":[{"href":"https:\/\/www.oetinger.net\/cs\/wp-json\/wp\/v2\/media?parent=1278"}],"curies":[{"name":"wp","href":"https:\/\/api.w.org\/{rel}","templated":true}]}}