{"id":2938,"date":"2023-10-02T15:51:21","date_gmt":"2023-10-02T14:51:21","guid":{"rendered":"https:\/\/www.oetinger.net\/?page_id=2938"},"modified":"2026-02-02T15:39:30","modified_gmt":"2026-02-02T15:39:30","slug":"identifikacni-udaje","status":"publish","type":"page","link":"https:\/\/www.oetinger.net\/cs\/identifikacni-udaje\/","title":{"rendered":"Identifika\u010dn\u00ed \u00fadaje"},"content":{"rendered":"<p><strong><span class=\"ui-provider brw brx beb bry brz bsa bsb bsc bsd bse bsf bsg bsh bsi bsj bsk bsl bsm bsn bso bsp bsq bsr bss bst bsu bsv bsw bsx bsy bsz bta btb btc btd\" dir=\"ltr\">OETINGER Aluminium GmbH<\/span><\/strong><\/p>\n<p>Werk Wei\u00dfenhorn<br \/>\nRobert-Bosch-Stra\u00dfe 16+18<br \/>\nD-89264 Wei\u00dfenhorn\/Bavaria<br \/>\nPhone\u00a0<a target=\"_blank\" rel=\"noreferrer noopener\"><u>+49 7309 83 &#8211; 0<\/u><\/a><br \/>\nFax <a target=\"_blank\" rel=\"noreferrer noopener\"><u>+49 7309 83 &#8211; 231<\/u><\/a><br \/>\n<a class=\"fui-Link ___10kug0w f3rmtva f1ewtqcl fyind8e f1k6fduh f1w7gpdv fk6fouc fjoy568 figsok6 f1hu3pq6 f11qmguv f19f4twv f1tyq0we f1g0x7ka fhxju0i f1qch9an f1cnd47f fqv5qza f1vmzxwi f1o700av f13mvf36 f1cmlufx f9n3di6 f1ids18y f1tx3yz7 f1deo86v f1eh06m1 f1iescvh fhgqx19 f1olyrje f1p93eir f1nev41a f1h8hb77 f1lqvz6u f10aw75t fsle3fq f17ae5zn\" title=\"mailto:info@oetinger.net\" href=\"mailto:info@oetinger.net\" target=\"_blank\" rel=\"noreferrer noopener\" aria-label=\"Link info@oetinger.net\"><u>info@oetinger.net<\/u><\/a><\/p>\n<p>VAT ID No.: DE316660028<br \/>\nRegistered office of the company: Wei\u00dfenhorn<br \/>\nRegister court: Memmingen HRB\u00a017666<br \/>\nDirectors: Uwe Bodenhausen<br \/>\nOETINGER Aluminium GmbH<\/p>\n<p>Werk Neu-Ulm<br \/>\nMax-Eyth-Stra\u00dfe 40<br \/>\nD-89231 Neu-Ulm<br \/>\nPhone\u00a0<a target=\"_blank\" rel=\"noreferrer noopener\"><u>+49 731 9752 &#8211; 0<\/u><\/a><br \/>\nFax <a target=\"_blank\" rel=\"noreferrer noopener\"><u>+49 731 97 52 &#8211; 289<\/u><\/a><br \/>\n<a class=\"fui-Link ___10kug0w f3rmtva f1ewtqcl fyind8e f1k6fduh f1w7gpdv fk6fouc fjoy568 figsok6 f1hu3pq6 f11qmguv f19f4twv f1tyq0we f1g0x7ka fhxju0i f1qch9an f1cnd47f fqv5qza f1vmzxwi f1o700av f13mvf36 f1cmlufx f9n3di6 f1ids18y f1tx3yz7 f1deo86v f1eh06m1 f1iescvh fhgqx19 f1olyrje f1p93eir f1nev41a f1h8hb77 f1lqvz6u f10aw75t fsle3fq f17ae5zn\" title=\"mailto:info@oetinger.net\" href=\"mailto:info@oetinger.net\" target=\"_blank\" rel=\"noreferrer noopener\" aria-label=\"Link info@oetinger.net\"><u>info@oetinger.net<\/u><\/a><\/p>\n<p>VAT ID No.: DE316660028<br \/>\nRegistered office of the company: Wei\u00dfenhorn<br \/>\nRegister court: Memmingen HRB\u00a017666<br \/>\nDirectors: Uwe Bodenhausen<\/p>\n<p><strong>OETINGER CZ<\/strong><\/p>\n<p>DI\u010c: CZ19630051<br \/>\nI\u010cO: 19630051<\/p>\n<p>S\u00eddli\u0161t\u011b 420<br \/>\n273 24 Velvary<br \/>\nPhone\u00a0<a target=\"_blank\" rel=\"noreferrer noopener\"><u>+420 <span aria-label=\"Zavolat na \u010d\u00edslo 315 730 111\">315 730 111<\/span><\/u><\/a><br \/>\n<a class=\"fui-Link ___10kug0w f3rmtva f1ewtqcl fyind8e f1k6fduh f1w7gpdv fk6fouc fjoy568 figsok6 f1hu3pq6 f11qmguv f19f4twv f1tyq0we f1g0x7ka fhxju0i f1qch9an f1cnd47f fqv5qza f1vmzxwi f1o700av f13mvf36 f1cmlufx f9n3di6 f1ids18y f1tx3yz7 f1deo86v f1eh06m1 f1iescvh fhgqx19 f1olyrje f1p93eir f1nev41a f1h8hb77 f1lqvz6u f10aw75t fsle3fq f17ae5zn\" title=\"mailto:info@oetinger.net\" href=\"mailto:info@oetinger.net\" target=\"_blank\" rel=\"noreferrer noopener\" aria-label=\"Link info@oetinger.net\"><u>info@oetinger.net<\/u><\/a><\/p>\n","protected":false},"excerpt":{"rendered":"<p>OETINGER Aluminium GmbH Werk Wei\u00dfenhorn Robert-Bosch-Stra\u00dfe 16+18 D-89264 Wei\u00dfenhorn\/Bavaria Phone\u00a0+49 7309 83 &#8211; 0 Fax +49 7309 83 &#8211; 231 info@oetinger.net VAT ID No.: DE316660028 Registered office of the company: Wei\u00dfenhorn Register court: Memmingen HRB\u00a017666 Directors: Uwe Bodenhausen OETINGER Aluminium GmbH Werk Neu-Ulm Max-Eyth-Stra\u00dfe 40 D-89231 Neu-Ulm Phone\u00a0+49 731 9752 &#8211; 0 Fax +49 731 [&hellip;]<\/p>\n","protected":false},"author":3,"featured_media":0,"parent":0,"menu_order":0,"comment_status":"closed","ping_status":"closed","template":"","meta":{"footnotes":""},"class_list":["post-2938","page","type-page","status-publish","hentry"],"yoast_head":"<!-- This site is optimized with the Yoast SEO plugin v25.7 - https:\/\/yoast.com\/wordpress\/plugins\/seo\/ -->\n<title>Identifika\u010dn\u00ed \u00fadaje - Oetinger Aluminium<\/title>\n<meta name=\"description\" content=\"Oetinger Aluminium\" \/>\n<meta name=\"robots\" content=\"index, follow, max-snippet:-1, max-image-preview:large, max-video-preview:-1\" \/>\n<link rel=\"canonical\" href=\"https:\/\/www.oetinger.net\/cs\/identifikacni-udaje\/\" \/>\n<meta property=\"og:locale\" content=\"cs_CZ\" \/>\n<meta property=\"og:type\" content=\"article\" \/>\n<meta property=\"og:title\" content=\"Identifika\u010dn\u00ed \u00fadaje - Oetinger Aluminium\" \/>\n<meta property=\"og:description\" content=\"Oetinger Aluminium\" \/>\n<meta property=\"og:url\" content=\"https:\/\/www.oetinger.net\/cs\/identifikacni-udaje\/\" \/>\n<meta property=\"og:site_name\" content=\"Oetinger Aluminium\" \/>\n<meta property=\"article:modified_time\" content=\"2026-02-02T15:39:30+00:00\" \/>\n<meta name=\"twitter:card\" content=\"summary_large_image\" \/>\n<meta name=\"twitter:label1\" content=\"Odhadovan\u00e1 doba \u010dten\u00ed\" \/>\n\t<meta name=\"twitter:data1\" content=\"1 minuta\" \/>\n<script type=\"application\/ld+json\" class=\"yoast-schema-graph\">{\"@context\":\"https:\/\/schema.org\",\"@graph\":[{\"@type\":\"WebPage\",\"@id\":\"https:\/\/www.oetinger.net\/cs\/identifikacni-udaje\/\",\"url\":\"https:\/\/www.oetinger.net\/cs\/identifikacni-udaje\/\",\"name\":\"Identifika\u010dn\u00ed \u00fadaje - Oetinger Aluminium\",\"isPartOf\":{\"@id\":\"https:\/\/www.oetinger.net\/cs\/#website\"},\"datePublished\":\"2023-10-02T14:51:21+00:00\",\"dateModified\":\"2026-02-02T15:39:30+00:00\",\"description\":\"Oetinger Aluminium\",\"breadcrumb\":{\"@id\":\"https:\/\/www.oetinger.net\/cs\/identifikacni-udaje\/#breadcrumb\"},\"inLanguage\":\"cs\",\"potentialAction\":[{\"@type\":\"ReadAction\",\"target\":[\"https:\/\/www.oetinger.net\/cs\/identifikacni-udaje\/\"]}]},{\"@type\":\"BreadcrumbList\",\"@id\":\"https:\/\/www.oetinger.net\/cs\/identifikacni-udaje\/#breadcrumb\",\"itemListElement\":[{\"@type\":\"ListItem\",\"position\":1,\"name\":\"Home\",\"item\":\"https:\/\/www.oetinger.net\/cs\/\"},{\"@type\":\"ListItem\",\"position\":2,\"name\":\"Identifika\u010dn\u00ed \u00fadaje\"}]},{\"@type\":\"WebSite\",\"@id\":\"https:\/\/www.oetinger.net\/cs\/#website\",\"url\":\"https:\/\/www.oetinger.net\/cs\/\",\"name\":\"Oetinger\",\"description\":\"\",\"publisher\":{\"@id\":\"https:\/\/www.oetinger.net\/cs\/#organization\"},\"potentialAction\":[{\"@type\":\"SearchAction\",\"target\":{\"@type\":\"EntryPoint\",\"urlTemplate\":\"https:\/\/www.oetinger.net\/cs\/?s={search_term_string}\"},\"query-input\":{\"@type\":\"PropertyValueSpecification\",\"valueRequired\":true,\"valueName\":\"search_term_string\"}}],\"inLanguage\":\"cs\"},{\"@type\":\"Organization\",\"@id\":\"https:\/\/www.oetinger.net\/cs\/#organization\",\"name\":\"Oetinger\",\"url\":\"https:\/\/www.oetinger.net\/cs\/\",\"logo\":{\"@type\":\"ImageObject\",\"inLanguage\":\"cs\",\"@id\":\"https:\/\/www.oetinger.net\/cs\/#\/schema\/logo\/image\/\",\"url\":\"https:\/\/oetinger.bonderio.cz\/wp-content\/uploads\/2023\/09\/favicon.png\",\"contentUrl\":\"https:\/\/oetinger.bonderio.cz\/wp-content\/uploads\/2023\/09\/favicon.png\",\"width\":129,\"height\":128,\"caption\":\"Oetinger\"},\"image\":{\"@id\":\"https:\/\/www.oetinger.net\/cs\/#\/schema\/logo\/image\/\"}}]}<\/script>\n<!-- \/ Yoast SEO plugin. -->","yoast_head_json":{"title":"Identifika\u010dn\u00ed \u00fadaje - Oetinger Aluminium","description":"Oetinger Aluminium","robots":{"index":"index","follow":"follow","max-snippet":"max-snippet:-1","max-image-preview":"max-image-preview:large","max-video-preview":"max-video-preview:-1"},"canonical":"https:\/\/www.oetinger.net\/cs\/identifikacni-udaje\/","og_locale":"cs_CZ","og_type":"article","og_title":"Identifika\u010dn\u00ed \u00fadaje - Oetinger Aluminium","og_description":"Oetinger Aluminium","og_url":"https:\/\/www.oetinger.net\/cs\/identifikacni-udaje\/","og_site_name":"Oetinger Aluminium","article_modified_time":"2026-02-02T15:39:30+00:00","twitter_card":"summary_large_image","twitter_misc":{"Odhadovan\u00e1 doba \u010dten\u00ed":"1 minuta"},"schema":{"@context":"https:\/\/schema.org","@graph":[{"@type":"WebPage","@id":"https:\/\/www.oetinger.net\/cs\/identifikacni-udaje\/","url":"https:\/\/www.oetinger.net\/cs\/identifikacni-udaje\/","name":"Identifika\u010dn\u00ed \u00fadaje - Oetinger Aluminium","isPartOf":{"@id":"https:\/\/www.oetinger.net\/cs\/#website"},"datePublished":"2023-10-02T14:51:21+00:00","dateModified":"2026-02-02T15:39:30+00:00","description":"Oetinger Aluminium","breadcrumb":{"@id":"https:\/\/www.oetinger.net\/cs\/identifikacni-udaje\/#breadcrumb"},"inLanguage":"cs","potentialAction":[{"@type":"ReadAction","target":["https:\/\/www.oetinger.net\/cs\/identifikacni-udaje\/"]}]},{"@type":"BreadcrumbList","@id":"https:\/\/www.oetinger.net\/cs\/identifikacni-udaje\/#breadcrumb","itemListElement":[{"@type":"ListItem","position":1,"name":"Home","item":"https:\/\/www.oetinger.net\/cs\/"},{"@type":"ListItem","position":2,"name":"Identifika\u010dn\u00ed \u00fadaje"}]},{"@type":"WebSite","@id":"https:\/\/www.oetinger.net\/cs\/#website","url":"https:\/\/www.oetinger.net\/cs\/","name":"Oetinger","description":"","publisher":{"@id":"https:\/\/www.oetinger.net\/cs\/#organization"},"potentialAction":[{"@type":"SearchAction","target":{"@type":"EntryPoint","urlTemplate":"https:\/\/www.oetinger.net\/cs\/?s={search_term_string}"},"query-input":{"@type":"PropertyValueSpecification","valueRequired":true,"valueName":"search_term_string"}}],"inLanguage":"cs"},{"@type":"Organization","@id":"https:\/\/www.oetinger.net\/cs\/#organization","name":"Oetinger","url":"https:\/\/www.oetinger.net\/cs\/","logo":{"@type":"ImageObject","inLanguage":"cs","@id":"https:\/\/www.oetinger.net\/cs\/#\/schema\/logo\/image\/","url":"https:\/\/oetinger.bonderio.cz\/wp-content\/uploads\/2023\/09\/favicon.png","contentUrl":"https:\/\/oetinger.bonderio.cz\/wp-content\/uploads\/2023\/09\/favicon.png","width":129,"height":128,"caption":"Oetinger"},"image":{"@id":"https:\/\/www.oetinger.net\/cs\/#\/schema\/logo\/image\/"}}]}},"_links":{"self":[{"href":"https:\/\/www.oetinger.net\/cs\/wp-json\/wp\/v2\/pages\/2938","targetHints":{"allow":["GET"]}}],"collection":[{"href":"https:\/\/www.oetinger.net\/cs\/wp-json\/wp\/v2\/pages"}],"about":[{"href":"https:\/\/www.oetinger.net\/cs\/wp-json\/wp\/v2\/types\/page"}],"author":[{"embeddable":true,"href":"https:\/\/www.oetinger.net\/cs\/wp-json\/wp\/v2\/users\/3"}],"replies":[{"embeddable":true,"href":"https:\/\/www.oetinger.net\/cs\/wp-json\/wp\/v2\/comments?post=2938"}],"version-history":[{"count":5,"href":"https:\/\/www.oetinger.net\/cs\/wp-json\/wp\/v2\/pages\/2938\/revisions"}],"predecessor-version":[{"id":3202,"href":"https:\/\/www.oetinger.net\/cs\/wp-json\/wp\/v2\/pages\/2938\/revisions\/3202"}],"wp:attachment":[{"href":"https:\/\/www.oetinger.net\/cs\/wp-json\/wp\/v2\/media?parent=2938"}],"curies":[{"name":"wp","href":"https:\/\/api.w.org\/{rel}","templated":true}]}}