{"id":3160,"date":"2024-04-25T13:59:32","date_gmt":"2024-04-25T12:59:32","guid":{"rendered":"https:\/\/www.oetinger.net\/informace-pro-oznamovatele\/"},"modified":"2026-01-23T06:36:01","modified_gmt":"2026-01-23T06:36:01","slug":"informace-pro-oznamovatele","status":"publish","type":"page","link":"https:\/\/www.oetinger.net\/cs\/informace-pro-oznamovatele\/","title":{"rendered":"Informace pro oznamovatele"},"content":{"rendered":"<p>Kontaktn\u00ed formul\u00e1\u0159 je v\u00e1m k dispozici pro hl\u00e1\u0161en\u00ed podn\u011bt\u016f, poru\u0161en\u00ed p\u0159edpis\u016f a nespr\u00e1vn\u00e9ho jedn\u00e1n\u00ed.<\/p>\n<p>Ka\u017ed\u00e9 hl\u00e1\u0161en\u00ed je pro n\u00e1s d\u016fle\u017eit\u00e9, proto\u017ee n\u00e1m pom\u00e1h\u00e1 minimalizovat rizika v podniku.<\/p>\n<p>Sv\u00e1 hl\u00e1\u0161en\u00ed m\u016f\u017eete zas\u00edlat digit\u00e1ln\u011b na kontaktn\u00ed adresu <strong><a href=\"mailto:konflikt@oetinger.net\">konflikt@oetinger.net<\/a><\/strong>.<\/p>\n<p>Hl\u00e1\u0161en\u00ed m\u016f\u017eete zaslat anonymn\u011b nebo s uveden\u00edm sv\u00fdch kontaktn\u00edch \u00fadaj\u016f.<\/p>\n<p>Pokud jsou k dispozici kontaktn\u00ed \u00fadaje, obdr\u017e\u00edte od n\u00e1s do 2 pracovn\u00edch dn\u016f odpov\u011b\u010f o stavu zpracov\u00e1n\u00ed.<\/p>\n<p>Ka\u017ed\u00e9 hl\u00e1\u0161en\u00ed je zpracov\u00e1no s n\u00e1le\u017eitou p\u00e9\u010d\u00ed s ohledem na st\u00e1vaj\u00edc\u00ed z\u00e1sady ochrany osobn\u00edch \u00fadaj\u016f.<\/p>\n<p>Hl\u00e1\u0161en\u00ed jsou podrobena kontrole a prvotn\u00edmu posouzen\u00ed. Pokud se jedn\u00e1 o relevantn\u00ed hl\u00e1\u0161en\u00ed, je zah\u00e1jeno p\u0159\u00edslu\u0161n\u00e9 \u0161et\u0159en\u00ed s p\u0159\u00edslu\u0161n\u00fdmi odborn\u00fdmi odd\u011blen\u00edmi.<\/p>\n<p>Zp\u011btn\u00e1 vazba ohledn\u011b n\u00e1pravn\u00fdch opat\u0159en\u00ed je poskytnuta do 2 t\u00fddn\u016f.<\/p>\n","protected":false},"excerpt":{"rendered":"<p>Kontaktn\u00ed formul\u00e1\u0159 je v\u00e1m k dispozici pro hl\u00e1\u0161en\u00ed podn\u011bt\u016f, poru\u0161en\u00ed p\u0159edpis\u016f a nespr\u00e1vn\u00e9ho jedn\u00e1n\u00ed. Ka\u017ed\u00e9 hl\u00e1\u0161en\u00ed je pro n\u00e1s d\u016fle\u017eit\u00e9, proto\u017ee n\u00e1m pom\u00e1h\u00e1 minimalizovat rizika v podniku. Sv\u00e1 hl\u00e1\u0161en\u00ed m\u016f\u017eete zas\u00edlat digit\u00e1ln\u011b na kontaktn\u00ed adresu konflikt@oetinger.net. Hl\u00e1\u0161en\u00ed m\u016f\u017eete zaslat anonymn\u011b nebo s uveden\u00edm sv\u00fdch kontaktn\u00edch \u00fadaj\u016f. Pokud jsou k dispozici kontaktn\u00ed \u00fadaje, obdr\u017e\u00edte od n\u00e1s [&hellip;]<\/p>\n","protected":false},"author":3,"featured_media":2229,"parent":0,"menu_order":0,"comment_status":"closed","ping_status":"closed","template":"","meta":{"footnotes":""},"class_list":["post-3160","page","type-page","status-publish","has-post-thumbnail","hentry"],"yoast_head":"<!-- This site is optimized with the Yoast SEO plugin v25.7 - https:\/\/yoast.com\/wordpress\/plugins\/seo\/ -->\n<title>Informace pro oznamovatele - Oetinger Aluminium Aluminium<\/title>\n<meta name=\"description\" content=\"Ka\u017ed\u00e1 informace je pro n\u00e1s d\u016fle\u017eit\u00e1, proto\u017ee n\u00e1m pom\u00e1h\u00e1 minimalizovat rizika ve spole\u010dnosti.\" \/>\n<meta name=\"robots\" content=\"index, follow, max-snippet:-1, max-image-preview:large, max-video-preview:-1\" \/>\n<link rel=\"canonical\" href=\"https:\/\/www.oetinger.net\/cs\/informace-pro-oznamovatele\/\" \/>\n<meta property=\"og:locale\" content=\"cs_CZ\" \/>\n<meta property=\"og:type\" content=\"article\" \/>\n<meta property=\"og:title\" content=\"Informace pro oznamovatele - Oetinger Aluminium Aluminium\" \/>\n<meta property=\"og:description\" content=\"Ka\u017ed\u00e1 informace je pro n\u00e1s d\u016fle\u017eit\u00e1, proto\u017ee n\u00e1m pom\u00e1h\u00e1 minimalizovat rizika ve spole\u010dnosti.\" \/>\n<meta property=\"og:url\" content=\"https:\/\/www.oetinger.net\/cs\/informace-pro-oznamovatele\/\" \/>\n<meta property=\"og:site_name\" content=\"Oetinger Aluminium\" \/>\n<meta property=\"article:modified_time\" content=\"2026-01-23T06:36:01+00:00\" \/>\n<meta property=\"og:image\" content=\"https:\/\/www.oetinger.net\/wp-content\/uploads\/2024\/04\/Banner-Hinweisgeberschutzgesetz-1.webp\" \/>\n\t<meta property=\"og:image:width\" content=\"1920\" \/>\n\t<meta property=\"og:image:height\" content=\"600\" \/>\n\t<meta property=\"og:image:type\" content=\"image\/webp\" \/>\n<meta name=\"twitter:card\" content=\"summary_large_image\" \/>\n<meta name=\"twitter:label1\" content=\"Odhadovan\u00e1 doba \u010dten\u00ed\" \/>\n\t<meta name=\"twitter:data1\" content=\"1 minuta\" \/>\n<script type=\"application\/ld+json\" class=\"yoast-schema-graph\">{\"@context\":\"https:\/\/schema.org\",\"@graph\":[{\"@type\":\"WebPage\",\"@id\":\"https:\/\/www.oetinger.net\/cs\/informace-pro-oznamovatele\/\",\"url\":\"https:\/\/www.oetinger.net\/cs\/informace-pro-oznamovatele\/\",\"name\":\"Informace pro oznamovatele - Oetinger Aluminium Aluminium\",\"isPartOf\":{\"@id\":\"https:\/\/www.oetinger.net\/cs\/#website\"},\"primaryImageOfPage\":{\"@id\":\"https:\/\/www.oetinger.net\/cs\/informace-pro-oznamovatele\/#primaryimage\"},\"image\":{\"@id\":\"https:\/\/www.oetinger.net\/cs\/informace-pro-oznamovatele\/#primaryimage\"},\"thumbnailUrl\":\"https:\/\/www.oetinger.net\/wp-content\/uploads\/2024\/04\/Banner-Hinweisgeberschutzgesetz-1.webp\",\"datePublished\":\"2024-04-25T12:59:32+00:00\",\"dateModified\":\"2026-01-23T06:36:01+00:00\",\"description\":\"Ka\u017ed\u00e1 informace je pro n\u00e1s d\u016fle\u017eit\u00e1, proto\u017ee n\u00e1m pom\u00e1h\u00e1 minimalizovat rizika ve spole\u010dnosti.\",\"breadcrumb\":{\"@id\":\"https:\/\/www.oetinger.net\/cs\/informace-pro-oznamovatele\/#breadcrumb\"},\"inLanguage\":\"cs\",\"potentialAction\":[{\"@type\":\"ReadAction\",\"target\":[\"https:\/\/www.oetinger.net\/cs\/informace-pro-oznamovatele\/\"]}]},{\"@type\":\"ImageObject\",\"inLanguage\":\"cs\",\"@id\":\"https:\/\/www.oetinger.net\/cs\/informace-pro-oznamovatele\/#primaryimage\",\"url\":\"https:\/\/www.oetinger.net\/wp-content\/uploads\/2024\/04\/Banner-Hinweisgeberschutzgesetz-1.webp\",\"contentUrl\":\"https:\/\/www.oetinger.net\/wp-content\/uploads\/2024\/04\/Banner-Hinweisgeberschutzgesetz-1.webp\",\"width\":1920,\"height\":600},{\"@type\":\"BreadcrumbList\",\"@id\":\"https:\/\/www.oetinger.net\/cs\/informace-pro-oznamovatele\/#breadcrumb\",\"itemListElement\":[{\"@type\":\"ListItem\",\"position\":1,\"name\":\"Home\",\"item\":\"https:\/\/www.oetinger.net\/cs\/\"},{\"@type\":\"ListItem\",\"position\":2,\"name\":\"Informace pro oznamovatele\"}]},{\"@type\":\"WebSite\",\"@id\":\"https:\/\/www.oetinger.net\/cs\/#website\",\"url\":\"https:\/\/www.oetinger.net\/cs\/\",\"name\":\"Oetinger\",\"description\":\"\",\"publisher\":{\"@id\":\"https:\/\/www.oetinger.net\/cs\/#organization\"},\"potentialAction\":[{\"@type\":\"SearchAction\",\"target\":{\"@type\":\"EntryPoint\",\"urlTemplate\":\"https:\/\/www.oetinger.net\/cs\/?s={search_term_string}\"},\"query-input\":{\"@type\":\"PropertyValueSpecification\",\"valueRequired\":true,\"valueName\":\"search_term_string\"}}],\"inLanguage\":\"cs\"},{\"@type\":\"Organization\",\"@id\":\"https:\/\/www.oetinger.net\/cs\/#organization\",\"name\":\"Oetinger\",\"url\":\"https:\/\/www.oetinger.net\/cs\/\",\"logo\":{\"@type\":\"ImageObject\",\"inLanguage\":\"cs\",\"@id\":\"https:\/\/www.oetinger.net\/cs\/#\/schema\/logo\/image\/\",\"url\":\"https:\/\/oetinger.bonderio.cz\/wp-content\/uploads\/2023\/09\/favicon.png\",\"contentUrl\":\"https:\/\/oetinger.bonderio.cz\/wp-content\/uploads\/2023\/09\/favicon.png\",\"width\":129,\"height\":128,\"caption\":\"Oetinger\"},\"image\":{\"@id\":\"https:\/\/www.oetinger.net\/cs\/#\/schema\/logo\/image\/\"}}]}<\/script>\n<!-- \/ Yoast SEO plugin. -->","yoast_head_json":{"title":"Informace pro oznamovatele - Oetinger Aluminium Aluminium","description":"Ka\u017ed\u00e1 informace je pro n\u00e1s d\u016fle\u017eit\u00e1, proto\u017ee n\u00e1m pom\u00e1h\u00e1 minimalizovat rizika ve spole\u010dnosti.","robots":{"index":"index","follow":"follow","max-snippet":"max-snippet:-1","max-image-preview":"max-image-preview:large","max-video-preview":"max-video-preview:-1"},"canonical":"https:\/\/www.oetinger.net\/cs\/informace-pro-oznamovatele\/","og_locale":"cs_CZ","og_type":"article","og_title":"Informace pro oznamovatele - Oetinger Aluminium Aluminium","og_description":"Ka\u017ed\u00e1 informace je pro n\u00e1s d\u016fle\u017eit\u00e1, proto\u017ee n\u00e1m pom\u00e1h\u00e1 minimalizovat rizika ve spole\u010dnosti.","og_url":"https:\/\/www.oetinger.net\/cs\/informace-pro-oznamovatele\/","og_site_name":"Oetinger Aluminium","article_modified_time":"2026-01-23T06:36:01+00:00","og_image":[{"width":1920,"height":600,"url":"https:\/\/www.oetinger.net\/wp-content\/uploads\/2024\/04\/Banner-Hinweisgeberschutzgesetz-1.webp","type":"image\/webp"}],"twitter_card":"summary_large_image","twitter_misc":{"Odhadovan\u00e1 doba \u010dten\u00ed":"1 minuta"},"schema":{"@context":"https:\/\/schema.org","@graph":[{"@type":"WebPage","@id":"https:\/\/www.oetinger.net\/cs\/informace-pro-oznamovatele\/","url":"https:\/\/www.oetinger.net\/cs\/informace-pro-oznamovatele\/","name":"Informace pro oznamovatele - Oetinger Aluminium Aluminium","isPartOf":{"@id":"https:\/\/www.oetinger.net\/cs\/#website"},"primaryImageOfPage":{"@id":"https:\/\/www.oetinger.net\/cs\/informace-pro-oznamovatele\/#primaryimage"},"image":{"@id":"https:\/\/www.oetinger.net\/cs\/informace-pro-oznamovatele\/#primaryimage"},"thumbnailUrl":"https:\/\/www.oetinger.net\/wp-content\/uploads\/2024\/04\/Banner-Hinweisgeberschutzgesetz-1.webp","datePublished":"2024-04-25T12:59:32+00:00","dateModified":"2026-01-23T06:36:01+00:00","description":"Ka\u017ed\u00e1 informace je pro n\u00e1s d\u016fle\u017eit\u00e1, proto\u017ee n\u00e1m pom\u00e1h\u00e1 minimalizovat rizika ve spole\u010dnosti.","breadcrumb":{"@id":"https:\/\/www.oetinger.net\/cs\/informace-pro-oznamovatele\/#breadcrumb"},"inLanguage":"cs","potentialAction":[{"@type":"ReadAction","target":["https:\/\/www.oetinger.net\/cs\/informace-pro-oznamovatele\/"]}]},{"@type":"ImageObject","inLanguage":"cs","@id":"https:\/\/www.oetinger.net\/cs\/informace-pro-oznamovatele\/#primaryimage","url":"https:\/\/www.oetinger.net\/wp-content\/uploads\/2024\/04\/Banner-Hinweisgeberschutzgesetz-1.webp","contentUrl":"https:\/\/www.oetinger.net\/wp-content\/uploads\/2024\/04\/Banner-Hinweisgeberschutzgesetz-1.webp","width":1920,"height":600},{"@type":"BreadcrumbList","@id":"https:\/\/www.oetinger.net\/cs\/informace-pro-oznamovatele\/#breadcrumb","itemListElement":[{"@type":"ListItem","position":1,"name":"Home","item":"https:\/\/www.oetinger.net\/cs\/"},{"@type":"ListItem","position":2,"name":"Informace pro oznamovatele"}]},{"@type":"WebSite","@id":"https:\/\/www.oetinger.net\/cs\/#website","url":"https:\/\/www.oetinger.net\/cs\/","name":"Oetinger","description":"","publisher":{"@id":"https:\/\/www.oetinger.net\/cs\/#organization"},"potentialAction":[{"@type":"SearchAction","target":{"@type":"EntryPoint","urlTemplate":"https:\/\/www.oetinger.net\/cs\/?s={search_term_string}"},"query-input":{"@type":"PropertyValueSpecification","valueRequired":true,"valueName":"search_term_string"}}],"inLanguage":"cs"},{"@type":"Organization","@id":"https:\/\/www.oetinger.net\/cs\/#organization","name":"Oetinger","url":"https:\/\/www.oetinger.net\/cs\/","logo":{"@type":"ImageObject","inLanguage":"cs","@id":"https:\/\/www.oetinger.net\/cs\/#\/schema\/logo\/image\/","url":"https:\/\/oetinger.bonderio.cz\/wp-content\/uploads\/2023\/09\/favicon.png","contentUrl":"https:\/\/oetinger.bonderio.cz\/wp-content\/uploads\/2023\/09\/favicon.png","width":129,"height":128,"caption":"Oetinger"},"image":{"@id":"https:\/\/www.oetinger.net\/cs\/#\/schema\/logo\/image\/"}}]}},"_links":{"self":[{"href":"https:\/\/www.oetinger.net\/cs\/wp-json\/wp\/v2\/pages\/3160","targetHints":{"allow":["GET"]}}],"collection":[{"href":"https:\/\/www.oetinger.net\/cs\/wp-json\/wp\/v2\/pages"}],"about":[{"href":"https:\/\/www.oetinger.net\/cs\/wp-json\/wp\/v2\/types\/page"}],"author":[{"embeddable":true,"href":"https:\/\/www.oetinger.net\/cs\/wp-json\/wp\/v2\/users\/3"}],"replies":[{"embeddable":true,"href":"https:\/\/www.oetinger.net\/cs\/wp-json\/wp\/v2\/comments?post=3160"}],"version-history":[{"count":2,"href":"https:\/\/www.oetinger.net\/cs\/wp-json\/wp\/v2\/pages\/3160\/revisions"}],"predecessor-version":[{"id":3168,"href":"https:\/\/www.oetinger.net\/cs\/wp-json\/wp\/v2\/pages\/3160\/revisions\/3168"}],"wp:featuredmedia":[{"embeddable":true,"href":"https:\/\/www.oetinger.net\/cs\/wp-json\/wp\/v2\/media\/2229"}],"wp:attachment":[{"href":"https:\/\/www.oetinger.net\/cs\/wp-json\/wp\/v2\/media?parent=3160"}],"curies":[{"name":"wp","href":"https:\/\/api.w.org\/{rel}","templated":true}]}}