{"id":690,"date":"2023-09-17T12:49:56","date_gmt":"2023-09-17T11:49:56","guid":{"rendered":"https:\/\/oetinger.bonderio.cz\/purity-and-label-typelightprecision-label-is-in-our-dna\/"},"modified":"2026-01-30T07:18:37","modified_gmt":"2026-01-30T07:18:37","slug":"purity-and-label-typelightprecision-label-is-in-our-dna","status":"publish","type":"page","link":"https:\/\/www.oetinger.net\/cs\/","title":{"rendered":"Kvalita a [label type=\"light\"]udr\u017eitelnost[\/label] jsou v na\u0161\u00ed DNA"},"content":{"rendered":"<p>Jako <strong>p\u0159edn\u00ed evropsk\u00fd v\u00fdrobce<\/strong> <strong>hlin\u00edkov\u00fdch slitin<\/strong> s ro\u010dn\u00ed kapacitou p\u0159ibli\u017en\u011b 280 000 tun a t\u00fdmem 400 zam\u011bstnanc\u016f se zam\u011b\u0159ujeme p\u0159edev\u0161\u00edm na dod\u00e1vky<strong> tekut\u00e9ho hlin\u00edku<\/strong>. Ten vyr\u00e1b\u00edme recyklac\u00ed technologick\u00e9ho odpadu v r\u00e1mci <strong>uzav\u0159en\u00e9ho v\u00fdrobn\u00edho cyklu<\/strong>, \u010d\u00edm\u017e p\u0159isp\u00edv\u00e1me k udr\u017eitelnosti a efektivn\u00edmu vyu\u017eit\u00ed surovin.<\/p>\n","protected":false},"excerpt":{"rendered":"<p>Jako p\u0159edn\u00ed evropsk\u00fd v\u00fdrobce hlin\u00edkov\u00fdch slitin s ro\u010dn\u00ed kapacitou p\u0159ibli\u017en\u011b 280 000 tun a t\u00fdmem 400 zam\u011bstnanc\u016f se zam\u011b\u0159ujeme p\u0159edev\u0161\u00edm na dod\u00e1vky tekut\u00e9ho hlin\u00edku. Ten vyr\u00e1b\u00edme recyklac\u00ed technologick\u00e9ho odpadu v r\u00e1mci uzav\u0159en\u00e9ho v\u00fdrobn\u00edho cyklu, \u010d\u00edm\u017e p\u0159isp\u00edv\u00e1me k udr\u017eitelnosti a efektivn\u00edmu vyu\u017eit\u00ed surovin.<\/p>\n","protected":false},"author":1,"featured_media":2689,"parent":0,"menu_order":0,"comment_status":"closed","ping_status":"closed","template":"index.php","meta":{"footnotes":""},"class_list":["post-690","page","type-page","status-publish","has-post-thumbnail","hentry"],"yoast_head":"<!-- This site is optimized with the Yoast SEO plugin v27.4 - https:\/\/yoast.com\/product\/yoast-seo-wordpress\/ -->\n<title>Kvalita a udr\u017eitelnost jsou v na\u0161\u00ed DNA - Oetinger Aluminium<\/title>\n<meta name=\"description\" content=\"V\u00edce ne\u017e 75 let vyr\u00e1b\u00edme hlin\u00edkov\u00e9 slity pro dal\u0161\u00ed zpracov\u00e1n\u00ed v automobilov\u00e9m pr\u016fmyslu. Kl\u00ed\u010dov\u00fdm produktem je tekut\u00fd hlin\u00edk, kter\u00fd rcykla\u010dn\u00edm procesem vyr\u00e1b\u00edme ve t\u0159ech hu\u0165\u00edch: Weissenhorn, Velvary a Neu-Ulm.\" \/>\n<meta name=\"robots\" content=\"index, follow, max-snippet:-1, max-image-preview:large, max-video-preview:-1\" \/>\n<link rel=\"canonical\" href=\"https:\/\/www.oetinger.net\/cs\/\" \/>\n<meta property=\"og:locale\" content=\"cs_CZ\" \/>\n<meta property=\"og:type\" content=\"article\" \/>\n<meta property=\"og:title\" content=\"Kvalita a udr\u017eitelnost jsou v na\u0161\u00ed DNA - Oetinger Aluminium\" \/>\n<meta property=\"og:description\" content=\"V\u00edce ne\u017e 75 let vyr\u00e1b\u00edme hlin\u00edkov\u00e9 slity pro dal\u0161\u00ed zpracov\u00e1n\u00ed v automobilov\u00e9m pr\u016fmyslu. Kl\u00ed\u010dov\u00fdm produktem je tekut\u00fd hlin\u00edk, kter\u00fd rcykla\u010dn\u00edm procesem vyr\u00e1b\u00edme ve t\u0159ech hu\u0165\u00edch: Weissenhorn, Velvary a Neu-Ulm.\" \/>\n<meta property=\"og:url\" content=\"https:\/\/www.oetinger.net\/cs\/\" \/>\n<meta property=\"og:site_name\" content=\"Oetinger Aluminium\" \/>\n<meta property=\"article:modified_time\" content=\"2026-01-30T07:18:37+00:00\" \/>\n<meta property=\"og:image\" content=\"https:\/\/www.oetinger.net\/wp-content\/uploads\/2025\/01\/Homepage-Banner.webp\" \/>\n\t<meta property=\"og:image:width\" content=\"1920\" \/>\n\t<meta property=\"og:image:height\" content=\"880\" \/>\n\t<meta property=\"og:image:type\" content=\"image\/webp\" \/>\n<meta name=\"twitter:card\" content=\"summary_large_image\" \/>\n<meta name=\"twitter:label1\" content=\"Odhadovan\u00e1 doba \u010dten\u00ed\" \/>\n\t<meta name=\"twitter:data1\" content=\"1 minuta\" \/>\n<script type=\"application\/ld+json\" class=\"yoast-schema-graph\">{\"@context\":\"https:\\\/\\\/schema.org\",\"@graph\":[{\"@type\":\"WebPage\",\"@id\":\"https:\\\/\\\/www.oetinger.net\\\/cs\\\/\",\"url\":\"https:\\\/\\\/www.oetinger.net\\\/cs\\\/\",\"name\":\"Kvalita a udr\u017eitelnost jsou v na\u0161\u00ed DNA - Oetinger Aluminium\",\"isPartOf\":{\"@id\":\"https:\\\/\\\/www.oetinger.net\\\/cs\\\/#website\"},\"primaryImageOfPage\":{\"@id\":\"https:\\\/\\\/www.oetinger.net\\\/cs\\\/#primaryimage\"},\"image\":{\"@id\":\"https:\\\/\\\/www.oetinger.net\\\/cs\\\/#primaryimage\"},\"thumbnailUrl\":\"https:\\\/\\\/www.oetinger.net\\\/wp-content\\\/uploads\\\/2025\\\/01\\\/Homepage-Banner.webp\",\"datePublished\":\"2023-09-17T11:49:56+00:00\",\"dateModified\":\"2026-01-30T07:18:37+00:00\",\"description\":\"V\u00edce ne\u017e 75 let vyr\u00e1b\u00edme hlin\u00edkov\u00e9 slity pro dal\u0161\u00ed zpracov\u00e1n\u00ed v automobilov\u00e9m pr\u016fmyslu. Kl\u00ed\u010dov\u00fdm produktem je tekut\u00fd hlin\u00edk, kter\u00fd rcykla\u010dn\u00edm procesem vyr\u00e1b\u00edme ve t\u0159ech hu\u0165\u00edch: Weissenhorn, Velvary a Neu-Ulm.\",\"breadcrumb\":{\"@id\":\"https:\\\/\\\/www.oetinger.net\\\/cs\\\/#breadcrumb\"},\"inLanguage\":\"cs\",\"potentialAction\":[{\"@type\":\"ReadAction\",\"target\":[\"https:\\\/\\\/www.oetinger.net\\\/cs\\\/\"]}]},{\"@type\":\"ImageObject\",\"inLanguage\":\"cs\",\"@id\":\"https:\\\/\\\/www.oetinger.net\\\/cs\\\/#primaryimage\",\"url\":\"https:\\\/\\\/www.oetinger.net\\\/wp-content\\\/uploads\\\/2025\\\/01\\\/Homepage-Banner.webp\",\"contentUrl\":\"https:\\\/\\\/www.oetinger.net\\\/wp-content\\\/uploads\\\/2025\\\/01\\\/Homepage-Banner.webp\",\"width\":1920,\"height\":880,\"caption\":\"Sm\u011bnov\u00fd mistr\"},{\"@type\":\"BreadcrumbList\",\"@id\":\"https:\\\/\\\/www.oetinger.net\\\/cs\\\/#breadcrumb\",\"itemListElement\":[{\"@type\":\"ListItem\",\"position\":1,\"name\":\"Home\",\"item\":\"https:\\\/\\\/www.oetinger.net\\\/cs\\\/\"},{\"@type\":\"ListItem\",\"position\":2,\"name\":\"Kvalita a [label type=\\\"light\\\"]udr\u017eitelnost[\\\/label] jsou v na\u0161\u00ed DNA\"}]},{\"@type\":\"WebSite\",\"@id\":\"https:\\\/\\\/www.oetinger.net\\\/cs\\\/#website\",\"url\":\"https:\\\/\\\/www.oetinger.net\\\/cs\\\/\",\"name\":\"Oetinger\",\"description\":\"\",\"publisher\":{\"@id\":\"https:\\\/\\\/www.oetinger.net\\\/cs\\\/#organization\"},\"potentialAction\":[{\"@type\":\"SearchAction\",\"target\":{\"@type\":\"EntryPoint\",\"urlTemplate\":\"https:\\\/\\\/www.oetinger.net\\\/cs\\\/?s={search_term_string}\"},\"query-input\":{\"@type\":\"PropertyValueSpecification\",\"valueRequired\":true,\"valueName\":\"search_term_string\"}}],\"inLanguage\":\"cs\"},{\"@type\":\"Organization\",\"@id\":\"https:\\\/\\\/www.oetinger.net\\\/cs\\\/#organization\",\"name\":\"Oetinger\",\"url\":\"https:\\\/\\\/www.oetinger.net\\\/cs\\\/\",\"logo\":{\"@type\":\"ImageObject\",\"inLanguage\":\"cs\",\"@id\":\"https:\\\/\\\/www.oetinger.net\\\/cs\\\/#\\\/schema\\\/logo\\\/image\\\/\",\"url\":\"https:\\\/\\\/oetinger.bonderio.cz\\\/wp-content\\\/uploads\\\/2023\\\/09\\\/favicon.png\",\"contentUrl\":\"https:\\\/\\\/oetinger.bonderio.cz\\\/wp-content\\\/uploads\\\/2023\\\/09\\\/favicon.png\",\"width\":129,\"height\":128,\"caption\":\"Oetinger\"},\"image\":{\"@id\":\"https:\\\/\\\/www.oetinger.net\\\/cs\\\/#\\\/schema\\\/logo\\\/image\\\/\"}}]}<\/script>\n<!-- \/ Yoast SEO plugin. -->","yoast_head_json":{"title":"Kvalita a udr\u017eitelnost jsou v na\u0161\u00ed DNA - Oetinger Aluminium","description":"V\u00edce ne\u017e 75 let vyr\u00e1b\u00edme hlin\u00edkov\u00e9 slity pro dal\u0161\u00ed zpracov\u00e1n\u00ed v automobilov\u00e9m pr\u016fmyslu. Kl\u00ed\u010dov\u00fdm produktem je tekut\u00fd hlin\u00edk, kter\u00fd rcykla\u010dn\u00edm procesem vyr\u00e1b\u00edme ve t\u0159ech hu\u0165\u00edch: Weissenhorn, Velvary a Neu-Ulm.","robots":{"index":"index","follow":"follow","max-snippet":"max-snippet:-1","max-image-preview":"max-image-preview:large","max-video-preview":"max-video-preview:-1"},"canonical":"https:\/\/www.oetinger.net\/cs\/","og_locale":"cs_CZ","og_type":"article","og_title":"Kvalita a udr\u017eitelnost jsou v na\u0161\u00ed DNA - Oetinger Aluminium","og_description":"V\u00edce ne\u017e 75 let vyr\u00e1b\u00edme hlin\u00edkov\u00e9 slity pro dal\u0161\u00ed zpracov\u00e1n\u00ed v automobilov\u00e9m pr\u016fmyslu. Kl\u00ed\u010dov\u00fdm produktem je tekut\u00fd hlin\u00edk, kter\u00fd rcykla\u010dn\u00edm procesem vyr\u00e1b\u00edme ve t\u0159ech hu\u0165\u00edch: Weissenhorn, Velvary a Neu-Ulm.","og_url":"https:\/\/www.oetinger.net\/cs\/","og_site_name":"Oetinger Aluminium","article_modified_time":"2026-01-30T07:18:37+00:00","og_image":[{"width":1920,"height":880,"url":"https:\/\/www.oetinger.net\/wp-content\/uploads\/2025\/01\/Homepage-Banner.webp","type":"image\/webp"}],"twitter_card":"summary_large_image","twitter_misc":{"Odhadovan\u00e1 doba \u010dten\u00ed":"1 minuta"},"schema":{"@context":"https:\/\/schema.org","@graph":[{"@type":"WebPage","@id":"https:\/\/www.oetinger.net\/cs\/","url":"https:\/\/www.oetinger.net\/cs\/","name":"Kvalita a udr\u017eitelnost jsou v na\u0161\u00ed DNA - Oetinger Aluminium","isPartOf":{"@id":"https:\/\/www.oetinger.net\/cs\/#website"},"primaryImageOfPage":{"@id":"https:\/\/www.oetinger.net\/cs\/#primaryimage"},"image":{"@id":"https:\/\/www.oetinger.net\/cs\/#primaryimage"},"thumbnailUrl":"https:\/\/www.oetinger.net\/wp-content\/uploads\/2025\/01\/Homepage-Banner.webp","datePublished":"2023-09-17T11:49:56+00:00","dateModified":"2026-01-30T07:18:37+00:00","description":"V\u00edce ne\u017e 75 let vyr\u00e1b\u00edme hlin\u00edkov\u00e9 slity pro dal\u0161\u00ed zpracov\u00e1n\u00ed v automobilov\u00e9m pr\u016fmyslu. Kl\u00ed\u010dov\u00fdm produktem je tekut\u00fd hlin\u00edk, kter\u00fd rcykla\u010dn\u00edm procesem vyr\u00e1b\u00edme ve t\u0159ech hu\u0165\u00edch: Weissenhorn, Velvary a Neu-Ulm.","breadcrumb":{"@id":"https:\/\/www.oetinger.net\/cs\/#breadcrumb"},"inLanguage":"cs","potentialAction":[{"@type":"ReadAction","target":["https:\/\/www.oetinger.net\/cs\/"]}]},{"@type":"ImageObject","inLanguage":"cs","@id":"https:\/\/www.oetinger.net\/cs\/#primaryimage","url":"https:\/\/www.oetinger.net\/wp-content\/uploads\/2025\/01\/Homepage-Banner.webp","contentUrl":"https:\/\/www.oetinger.net\/wp-content\/uploads\/2025\/01\/Homepage-Banner.webp","width":1920,"height":880,"caption":"Sm\u011bnov\u00fd mistr"},{"@type":"BreadcrumbList","@id":"https:\/\/www.oetinger.net\/cs\/#breadcrumb","itemListElement":[{"@type":"ListItem","position":1,"name":"Home","item":"https:\/\/www.oetinger.net\/cs\/"},{"@type":"ListItem","position":2,"name":"Kvalita a [label type=\"light\"]udr\u017eitelnost[\/label] jsou v na\u0161\u00ed DNA"}]},{"@type":"WebSite","@id":"https:\/\/www.oetinger.net\/cs\/#website","url":"https:\/\/www.oetinger.net\/cs\/","name":"Oetinger","description":"","publisher":{"@id":"https:\/\/www.oetinger.net\/cs\/#organization"},"potentialAction":[{"@type":"SearchAction","target":{"@type":"EntryPoint","urlTemplate":"https:\/\/www.oetinger.net\/cs\/?s={search_term_string}"},"query-input":{"@type":"PropertyValueSpecification","valueRequired":true,"valueName":"search_term_string"}}],"inLanguage":"cs"},{"@type":"Organization","@id":"https:\/\/www.oetinger.net\/cs\/#organization","name":"Oetinger","url":"https:\/\/www.oetinger.net\/cs\/","logo":{"@type":"ImageObject","inLanguage":"cs","@id":"https:\/\/www.oetinger.net\/cs\/#\/schema\/logo\/image\/","url":"https:\/\/oetinger.bonderio.cz\/wp-content\/uploads\/2023\/09\/favicon.png","contentUrl":"https:\/\/oetinger.bonderio.cz\/wp-content\/uploads\/2023\/09\/favicon.png","width":129,"height":128,"caption":"Oetinger"},"image":{"@id":"https:\/\/www.oetinger.net\/cs\/#\/schema\/logo\/image\/"}}]}},"_links":{"self":[{"href":"https:\/\/www.oetinger.net\/cs\/wp-json\/wp\/v2\/pages\/690","targetHints":{"allow":["GET"]}}],"collection":[{"href":"https:\/\/www.oetinger.net\/cs\/wp-json\/wp\/v2\/pages"}],"about":[{"href":"https:\/\/www.oetinger.net\/cs\/wp-json\/wp\/v2\/types\/page"}],"author":[{"embeddable":true,"href":"https:\/\/www.oetinger.net\/cs\/wp-json\/wp\/v2\/users\/1"}],"replies":[{"embeddable":true,"href":"https:\/\/www.oetinger.net\/cs\/wp-json\/wp\/v2\/comments?post=690"}],"version-history":[{"count":31,"href":"https:\/\/www.oetinger.net\/cs\/wp-json\/wp\/v2\/pages\/690\/revisions"}],"predecessor-version":[{"id":3187,"href":"https:\/\/www.oetinger.net\/cs\/wp-json\/wp\/v2\/pages\/690\/revisions\/3187"}],"wp:featuredmedia":[{"embeddable":true,"href":"https:\/\/www.oetinger.net\/cs\/wp-json\/wp\/v2\/media\/2689"}],"wp:attachment":[{"href":"https:\/\/www.oetinger.net\/cs\/wp-json\/wp\/v2\/media?parent=690"}],"curies":[{"name":"wp","href":"https:\/\/api.w.org\/{rel}","templated":true}]}}