{"id":903,"date":"2023-09-12T04:29:20","date_gmt":"2023-09-12T03:29:20","guid":{"rendered":"https:\/\/oetinger.bonderio.cz\/products\/"},"modified":"2024-12-09T12:56:26","modified_gmt":"2024-12-09T12:56:26","slug":"produkty","status":"publish","type":"page","link":"https:\/\/www.oetinger.net\/cs\/produkty\/","title":{"rendered":"Na\u0161e hlin\u00edkov\u00e9 slitiny pro n\u00e1ro\u010dn\u00e9 [label type=\"light\"]pr\u016fmyslov\u00e9 aplikace[\/label]"},"content":{"rendered":"","protected":false},"excerpt":{"rendered":"","protected":false},"author":1,"featured_media":87,"parent":0,"menu_order":0,"comment_status":"closed","ping_status":"closed","template":"products.php","meta":{"footnotes":""},"class_list":["post-903","page","type-page","status-publish","has-post-thumbnail","hentry"],"yoast_head":"<!-- This site is optimized with the Yoast SEO plugin v27.4 - https:\/\/yoast.com\/product\/yoast-seo-wordpress\/ -->\n<title>Produkty<\/title>\n<meta name=\"description\" content=\"Na\u0161e diverzifikovan\u00e9 portfolio se skl\u00e1d\u00e1 z tekut\u00e9ho hlin\u00edku a hlin\u00edkov\u00fdch ingot\u016f. D\u00edky na\u0161im nejmodern\u011bj\u0161\u00edm izolovan\u00fdm n\u00e1dr\u017e\u00edm na tekut\u00fd kov jsme schopni dod\u00e1vat tekut\u00fd hlin\u00edk 24 hodin denn\u011b, 7 dn\u00ed v t\u00fddnu p\u0159i p\u0159esn\u00e9 po\u017eadovan\u00e9 teplot\u011b v po\u017eadovan\u00fd den.\" \/>\n<meta name=\"robots\" content=\"index, follow, max-snippet:-1, max-image-preview:large, max-video-preview:-1\" \/>\n<link rel=\"canonical\" href=\"https:\/\/www.oetinger.net\/cs\/produkty\/\" \/>\n<meta property=\"og:locale\" content=\"cs_CZ\" \/>\n<meta property=\"og:type\" content=\"article\" \/>\n<meta property=\"og:title\" content=\"Produkty\" \/>\n<meta property=\"og:description\" content=\"Na\u0161e diverzifikovan\u00e9 portfolio se skl\u00e1d\u00e1 z tekut\u00e9ho hlin\u00edku a hlin\u00edkov\u00fdch ingot\u016f. D\u00edky na\u0161im nejmodern\u011bj\u0161\u00edm izolovan\u00fdm n\u00e1dr\u017e\u00edm na tekut\u00fd kov jsme schopni dod\u00e1vat tekut\u00fd hlin\u00edk 24 hodin denn\u011b, 7 dn\u00ed v t\u00fddnu p\u0159i p\u0159esn\u00e9 po\u017eadovan\u00e9 teplot\u011b v po\u017eadovan\u00fd den.\" \/>\n<meta property=\"og:url\" content=\"https:\/\/www.oetinger.net\/cs\/produkty\/\" \/>\n<meta property=\"og:site_name\" content=\"Oetinger Aluminium\" \/>\n<meta property=\"article:modified_time\" content=\"2024-12-09T12:56:26+00:00\" \/>\n<meta property=\"og:image\" content=\"https:\/\/www.oetinger.net\/wp-content\/uploads\/2023\/09\/42.webp\" \/>\n\t<meta property=\"og:image:width\" content=\"1920\" \/>\n\t<meta property=\"og:image:height\" content=\"880\" \/>\n\t<meta property=\"og:image:type\" content=\"image\/webp\" \/>\n<meta name=\"twitter:card\" content=\"summary_large_image\" \/>\n<meta name=\"twitter:label1\" content=\"Odhadovan\u00e1 doba \u010dten\u00ed\" \/>\n\t<meta name=\"twitter:data1\" content=\"1 minuta\" \/>\n<script type=\"application\/ld+json\" class=\"yoast-schema-graph\">{\"@context\":\"https:\\\/\\\/schema.org\",\"@graph\":[{\"@type\":\"WebPage\",\"@id\":\"https:\\\/\\\/www.oetinger.net\\\/cs\\\/produkty\\\/\",\"url\":\"https:\\\/\\\/www.oetinger.net\\\/cs\\\/produkty\\\/\",\"name\":\"Produkty\",\"isPartOf\":{\"@id\":\"https:\\\/\\\/www.oetinger.net\\\/cs\\\/#website\"},\"primaryImageOfPage\":{\"@id\":\"https:\\\/\\\/www.oetinger.net\\\/cs\\\/produkty\\\/#primaryimage\"},\"image\":{\"@id\":\"https:\\\/\\\/www.oetinger.net\\\/cs\\\/produkty\\\/#primaryimage\"},\"thumbnailUrl\":\"https:\\\/\\\/www.oetinger.net\\\/wp-content\\\/uploads\\\/2023\\\/09\\\/42.webp\",\"datePublished\":\"2023-09-12T03:29:20+00:00\",\"dateModified\":\"2024-12-09T12:56:26+00:00\",\"description\":\"Na\u0161e diverzifikovan\u00e9 portfolio se skl\u00e1d\u00e1 z tekut\u00e9ho hlin\u00edku a hlin\u00edkov\u00fdch ingot\u016f. D\u00edky na\u0161im nejmodern\u011bj\u0161\u00edm izolovan\u00fdm n\u00e1dr\u017e\u00edm na tekut\u00fd kov jsme schopni dod\u00e1vat tekut\u00fd hlin\u00edk 24 hodin denn\u011b, 7 dn\u00ed v t\u00fddnu p\u0159i p\u0159esn\u00e9 po\u017eadovan\u00e9 teplot\u011b v po\u017eadovan\u00fd den.\",\"breadcrumb\":{\"@id\":\"https:\\\/\\\/www.oetinger.net\\\/cs\\\/produkty\\\/#breadcrumb\"},\"inLanguage\":\"cs\",\"potentialAction\":[{\"@type\":\"ReadAction\",\"target\":[\"https:\\\/\\\/www.oetinger.net\\\/cs\\\/produkty\\\/\"]}]},{\"@type\":\"ImageObject\",\"inLanguage\":\"cs\",\"@id\":\"https:\\\/\\\/www.oetinger.net\\\/cs\\\/produkty\\\/#primaryimage\",\"url\":\"https:\\\/\\\/www.oetinger.net\\\/wp-content\\\/uploads\\\/2023\\\/09\\\/42.webp\",\"contentUrl\":\"https:\\\/\\\/www.oetinger.net\\\/wp-content\\\/uploads\\\/2023\\\/09\\\/42.webp\",\"width\":1920,\"height\":880},{\"@type\":\"BreadcrumbList\",\"@id\":\"https:\\\/\\\/www.oetinger.net\\\/cs\\\/produkty\\\/#breadcrumb\",\"itemListElement\":[{\"@type\":\"ListItem\",\"position\":1,\"name\":\"Home\",\"item\":\"https:\\\/\\\/www.oetinger.net\\\/cs\\\/\"},{\"@type\":\"ListItem\",\"position\":2,\"name\":\"Na\u0161e hlin\u00edkov\u00e9 slitiny pro n\u00e1ro\u010dn\u00e9 [label type=\\\"light\\\"]pr\u016fmyslov\u00e9 aplikace[\\\/label]\"}]},{\"@type\":\"WebSite\",\"@id\":\"https:\\\/\\\/www.oetinger.net\\\/cs\\\/#website\",\"url\":\"https:\\\/\\\/www.oetinger.net\\\/cs\\\/\",\"name\":\"Oetinger\",\"description\":\"\",\"publisher\":{\"@id\":\"https:\\\/\\\/www.oetinger.net\\\/cs\\\/#organization\"},\"potentialAction\":[{\"@type\":\"SearchAction\",\"target\":{\"@type\":\"EntryPoint\",\"urlTemplate\":\"https:\\\/\\\/www.oetinger.net\\\/cs\\\/?s={search_term_string}\"},\"query-input\":{\"@type\":\"PropertyValueSpecification\",\"valueRequired\":true,\"valueName\":\"search_term_string\"}}],\"inLanguage\":\"cs\"},{\"@type\":\"Organization\",\"@id\":\"https:\\\/\\\/www.oetinger.net\\\/cs\\\/#organization\",\"name\":\"Oetinger\",\"url\":\"https:\\\/\\\/www.oetinger.net\\\/cs\\\/\",\"logo\":{\"@type\":\"ImageObject\",\"inLanguage\":\"cs\",\"@id\":\"https:\\\/\\\/www.oetinger.net\\\/cs\\\/#\\\/schema\\\/logo\\\/image\\\/\",\"url\":\"https:\\\/\\\/oetinger.bonderio.cz\\\/wp-content\\\/uploads\\\/2023\\\/09\\\/favicon.png\",\"contentUrl\":\"https:\\\/\\\/oetinger.bonderio.cz\\\/wp-content\\\/uploads\\\/2023\\\/09\\\/favicon.png\",\"width\":129,\"height\":128,\"caption\":\"Oetinger\"},\"image\":{\"@id\":\"https:\\\/\\\/www.oetinger.net\\\/cs\\\/#\\\/schema\\\/logo\\\/image\\\/\"}}]}<\/script>\n<!-- \/ Yoast SEO plugin. -->","yoast_head_json":{"title":"Produkty","description":"Na\u0161e diverzifikovan\u00e9 portfolio se skl\u00e1d\u00e1 z tekut\u00e9ho hlin\u00edku a hlin\u00edkov\u00fdch ingot\u016f. D\u00edky na\u0161im nejmodern\u011bj\u0161\u00edm izolovan\u00fdm n\u00e1dr\u017e\u00edm na tekut\u00fd kov jsme schopni dod\u00e1vat tekut\u00fd hlin\u00edk 24 hodin denn\u011b, 7 dn\u00ed v t\u00fddnu p\u0159i p\u0159esn\u00e9 po\u017eadovan\u00e9 teplot\u011b v po\u017eadovan\u00fd den.","robots":{"index":"index","follow":"follow","max-snippet":"max-snippet:-1","max-image-preview":"max-image-preview:large","max-video-preview":"max-video-preview:-1"},"canonical":"https:\/\/www.oetinger.net\/cs\/produkty\/","og_locale":"cs_CZ","og_type":"article","og_title":"Produkty","og_description":"Na\u0161e diverzifikovan\u00e9 portfolio se skl\u00e1d\u00e1 z tekut\u00e9ho hlin\u00edku a hlin\u00edkov\u00fdch ingot\u016f. D\u00edky na\u0161im nejmodern\u011bj\u0161\u00edm izolovan\u00fdm n\u00e1dr\u017e\u00edm na tekut\u00fd kov jsme schopni dod\u00e1vat tekut\u00fd hlin\u00edk 24 hodin denn\u011b, 7 dn\u00ed v t\u00fddnu p\u0159i p\u0159esn\u00e9 po\u017eadovan\u00e9 teplot\u011b v po\u017eadovan\u00fd den.","og_url":"https:\/\/www.oetinger.net\/cs\/produkty\/","og_site_name":"Oetinger Aluminium","article_modified_time":"2024-12-09T12:56:26+00:00","og_image":[{"width":1920,"height":880,"url":"https:\/\/www.oetinger.net\/wp-content\/uploads\/2023\/09\/42.webp","type":"image\/webp"}],"twitter_card":"summary_large_image","twitter_misc":{"Odhadovan\u00e1 doba \u010dten\u00ed":"1 minuta"},"schema":{"@context":"https:\/\/schema.org","@graph":[{"@type":"WebPage","@id":"https:\/\/www.oetinger.net\/cs\/produkty\/","url":"https:\/\/www.oetinger.net\/cs\/produkty\/","name":"Produkty","isPartOf":{"@id":"https:\/\/www.oetinger.net\/cs\/#website"},"primaryImageOfPage":{"@id":"https:\/\/www.oetinger.net\/cs\/produkty\/#primaryimage"},"image":{"@id":"https:\/\/www.oetinger.net\/cs\/produkty\/#primaryimage"},"thumbnailUrl":"https:\/\/www.oetinger.net\/wp-content\/uploads\/2023\/09\/42.webp","datePublished":"2023-09-12T03:29:20+00:00","dateModified":"2024-12-09T12:56:26+00:00","description":"Na\u0161e diverzifikovan\u00e9 portfolio se skl\u00e1d\u00e1 z tekut\u00e9ho hlin\u00edku a hlin\u00edkov\u00fdch ingot\u016f. D\u00edky na\u0161im nejmodern\u011bj\u0161\u00edm izolovan\u00fdm n\u00e1dr\u017e\u00edm na tekut\u00fd kov jsme schopni dod\u00e1vat tekut\u00fd hlin\u00edk 24 hodin denn\u011b, 7 dn\u00ed v t\u00fddnu p\u0159i p\u0159esn\u00e9 po\u017eadovan\u00e9 teplot\u011b v po\u017eadovan\u00fd den.","breadcrumb":{"@id":"https:\/\/www.oetinger.net\/cs\/produkty\/#breadcrumb"},"inLanguage":"cs","potentialAction":[{"@type":"ReadAction","target":["https:\/\/www.oetinger.net\/cs\/produkty\/"]}]},{"@type":"ImageObject","inLanguage":"cs","@id":"https:\/\/www.oetinger.net\/cs\/produkty\/#primaryimage","url":"https:\/\/www.oetinger.net\/wp-content\/uploads\/2023\/09\/42.webp","contentUrl":"https:\/\/www.oetinger.net\/wp-content\/uploads\/2023\/09\/42.webp","width":1920,"height":880},{"@type":"BreadcrumbList","@id":"https:\/\/www.oetinger.net\/cs\/produkty\/#breadcrumb","itemListElement":[{"@type":"ListItem","position":1,"name":"Home","item":"https:\/\/www.oetinger.net\/cs\/"},{"@type":"ListItem","position":2,"name":"Na\u0161e hlin\u00edkov\u00e9 slitiny pro n\u00e1ro\u010dn\u00e9 [label type=\"light\"]pr\u016fmyslov\u00e9 aplikace[\/label]"}]},{"@type":"WebSite","@id":"https:\/\/www.oetinger.net\/cs\/#website","url":"https:\/\/www.oetinger.net\/cs\/","name":"Oetinger","description":"","publisher":{"@id":"https:\/\/www.oetinger.net\/cs\/#organization"},"potentialAction":[{"@type":"SearchAction","target":{"@type":"EntryPoint","urlTemplate":"https:\/\/www.oetinger.net\/cs\/?s={search_term_string}"},"query-input":{"@type":"PropertyValueSpecification","valueRequired":true,"valueName":"search_term_string"}}],"inLanguage":"cs"},{"@type":"Organization","@id":"https:\/\/www.oetinger.net\/cs\/#organization","name":"Oetinger","url":"https:\/\/www.oetinger.net\/cs\/","logo":{"@type":"ImageObject","inLanguage":"cs","@id":"https:\/\/www.oetinger.net\/cs\/#\/schema\/logo\/image\/","url":"https:\/\/oetinger.bonderio.cz\/wp-content\/uploads\/2023\/09\/favicon.png","contentUrl":"https:\/\/oetinger.bonderio.cz\/wp-content\/uploads\/2023\/09\/favicon.png","width":129,"height":128,"caption":"Oetinger"},"image":{"@id":"https:\/\/www.oetinger.net\/cs\/#\/schema\/logo\/image\/"}}]}},"_links":{"self":[{"href":"https:\/\/www.oetinger.net\/cs\/wp-json\/wp\/v2\/pages\/903","targetHints":{"allow":["GET"]}}],"collection":[{"href":"https:\/\/www.oetinger.net\/cs\/wp-json\/wp\/v2\/pages"}],"about":[{"href":"https:\/\/www.oetinger.net\/cs\/wp-json\/wp\/v2\/types\/page"}],"author":[{"embeddable":true,"href":"https:\/\/www.oetinger.net\/cs\/wp-json\/wp\/v2\/users\/1"}],"replies":[{"embeddable":true,"href":"https:\/\/www.oetinger.net\/cs\/wp-json\/wp\/v2\/comments?post=903"}],"version-history":[{"count":21,"href":"https:\/\/www.oetinger.net\/cs\/wp-json\/wp\/v2\/pages\/903\/revisions"}],"predecessor-version":[{"id":2672,"href":"https:\/\/www.oetinger.net\/cs\/wp-json\/wp\/v2\/pages\/903\/revisions\/2672"}],"wp:featuredmedia":[{"embeddable":true,"href":"https:\/\/www.oetinger.net\/cs\/wp-json\/wp\/v2\/media\/87"}],"wp:attachment":[{"href":"https:\/\/www.oetinger.net\/cs\/wp-json\/wp\/v2\/media?parent=903"}],"curies":[{"name":"wp","href":"https:\/\/api.w.org\/{rel}","templated":true}]}}