{"id":912,"date":"2023-09-12T04:32:17","date_gmt":"2023-09-12T03:32:17","guid":{"rendered":"https:\/\/oetinger.bonderio.cz\/our-team\/"},"modified":"2026-03-23T13:24:09","modified_gmt":"2026-03-23T13:24:09","slug":"nas-tym","status":"publish","type":"page","link":"https:\/\/www.oetinger.net\/cs\/nas-tym\/","title":{"rendered":"Kl\u00ed\u010dem[br \/] k \u00fasp\u011bchu[br \/] jsou na\u0161i[br \/] [label type=\"dark\"]zam\u011bstnanci[\/label]"},"content":{"rendered":"","protected":false},"excerpt":{"rendered":"","protected":false},"author":1,"featured_media":0,"parent":0,"menu_order":0,"comment_status":"closed","ping_status":"closed","template":"ourTeam.php","meta":{"footnotes":""},"class_list":["post-912","page","type-page","status-publish","hentry"],"yoast_head":"<!-- This site is optimized with the Yoast SEO plugin v27.5 - https:\/\/yoast.com\/product\/yoast-seo-wordpress\/ -->\n<title>Seznamte se s t\u00fdmem<\/title>\n<meta name=\"description\" content=\"Nejcenn\u011bj\u0161\u00edm zdrojem na\u0161eho podnik\u00e1n\u00ed jsou na\u0161i zam\u011bstnanci. Pod\u00edvejte se, s k\u00fdm byste se z na\u0161\u00ed firmy r\u00e1di spojili.\" \/>\n<meta name=\"robots\" content=\"index, follow, max-snippet:-1, max-image-preview:large, max-video-preview:-1\" \/>\n<link rel=\"canonical\" href=\"https:\/\/www.oetinger.net\/cs\/nas-tym\/\" \/>\n<meta property=\"og:locale\" content=\"cs_CZ\" \/>\n<meta property=\"og:type\" content=\"article\" \/>\n<meta property=\"og:title\" content=\"Seznamte se s t\u00fdmem\" \/>\n<meta property=\"og:description\" content=\"Nejcenn\u011bj\u0161\u00edm zdrojem na\u0161eho podnik\u00e1n\u00ed jsou na\u0161i zam\u011bstnanci. Pod\u00edvejte se, s k\u00fdm byste se z na\u0161\u00ed firmy r\u00e1di spojili.\" \/>\n<meta property=\"og:url\" content=\"https:\/\/www.oetinger.net\/cs\/nas-tym\/\" \/>\n<meta property=\"og:site_name\" content=\"Oetinger Aluminium\" \/>\n<meta property=\"article:modified_time\" content=\"2026-03-23T13:24:09+00:00\" \/>\n<meta name=\"twitter:card\" content=\"summary_large_image\" \/>\n<script type=\"application\/ld+json\" class=\"yoast-schema-graph\">{\"@context\":\"https:\\\/\\\/schema.org\",\"@graph\":[{\"@type\":\"WebPage\",\"@id\":\"https:\\\/\\\/www.oetinger.net\\\/cs\\\/nas-tym\\\/\",\"url\":\"https:\\\/\\\/www.oetinger.net\\\/cs\\\/nas-tym\\\/\",\"name\":\"Seznamte se s t\u00fdmem\",\"isPartOf\":{\"@id\":\"https:\\\/\\\/www.oetinger.net\\\/cs\\\/#website\"},\"datePublished\":\"2023-09-12T03:32:17+00:00\",\"dateModified\":\"2026-03-23T13:24:09+00:00\",\"description\":\"Nejcenn\u011bj\u0161\u00edm zdrojem na\u0161eho podnik\u00e1n\u00ed jsou na\u0161i zam\u011bstnanci. Pod\u00edvejte se, s k\u00fdm byste se z na\u0161\u00ed firmy r\u00e1di spojili.\",\"breadcrumb\":{\"@id\":\"https:\\\/\\\/www.oetinger.net\\\/cs\\\/nas-tym\\\/#breadcrumb\"},\"inLanguage\":\"cs\",\"potentialAction\":[{\"@type\":\"ReadAction\",\"target\":[\"https:\\\/\\\/www.oetinger.net\\\/cs\\\/nas-tym\\\/\"]}]},{\"@type\":\"BreadcrumbList\",\"@id\":\"https:\\\/\\\/www.oetinger.net\\\/cs\\\/nas-tym\\\/#breadcrumb\",\"itemListElement\":[{\"@type\":\"ListItem\",\"position\":1,\"name\":\"Home\",\"item\":\"https:\\\/\\\/www.oetinger.net\\\/cs\\\/\"},{\"@type\":\"ListItem\",\"position\":2,\"name\":\"Kl\u00ed\u010dem[br \\\/] k \u00fasp\u011bchu[br \\\/] jsou na\u0161i[br \\\/] [label type=\\\"dark\\\"]zam\u011bstnanci[\\\/label]\"}]},{\"@type\":\"WebSite\",\"@id\":\"https:\\\/\\\/www.oetinger.net\\\/cs\\\/#website\",\"url\":\"https:\\\/\\\/www.oetinger.net\\\/cs\\\/\",\"name\":\"Oetinger\",\"description\":\"\",\"publisher\":{\"@id\":\"https:\\\/\\\/www.oetinger.net\\\/cs\\\/#organization\"},\"potentialAction\":[{\"@type\":\"SearchAction\",\"target\":{\"@type\":\"EntryPoint\",\"urlTemplate\":\"https:\\\/\\\/www.oetinger.net\\\/cs\\\/?s={search_term_string}\"},\"query-input\":{\"@type\":\"PropertyValueSpecification\",\"valueRequired\":true,\"valueName\":\"search_term_string\"}}],\"inLanguage\":\"cs\"},{\"@type\":\"Organization\",\"@id\":\"https:\\\/\\\/www.oetinger.net\\\/cs\\\/#organization\",\"name\":\"Oetinger\",\"url\":\"https:\\\/\\\/www.oetinger.net\\\/cs\\\/\",\"logo\":{\"@type\":\"ImageObject\",\"inLanguage\":\"cs\",\"@id\":\"https:\\\/\\\/www.oetinger.net\\\/cs\\\/#\\\/schema\\\/logo\\\/image\\\/\",\"url\":\"https:\\\/\\\/oetinger.bonderio.cz\\\/wp-content\\\/uploads\\\/2023\\\/09\\\/favicon.png\",\"contentUrl\":\"https:\\\/\\\/oetinger.bonderio.cz\\\/wp-content\\\/uploads\\\/2023\\\/09\\\/favicon.png\",\"width\":129,\"height\":128,\"caption\":\"Oetinger\"},\"image\":{\"@id\":\"https:\\\/\\\/www.oetinger.net\\\/cs\\\/#\\\/schema\\\/logo\\\/image\\\/\"}}]}<\/script>\n<!-- \/ Yoast SEO plugin. -->","yoast_head_json":{"title":"Seznamte se s t\u00fdmem","description":"Nejcenn\u011bj\u0161\u00edm zdrojem na\u0161eho podnik\u00e1n\u00ed jsou na\u0161i zam\u011bstnanci. Pod\u00edvejte se, s k\u00fdm byste se z na\u0161\u00ed firmy r\u00e1di spojili.","robots":{"index":"index","follow":"follow","max-snippet":"max-snippet:-1","max-image-preview":"max-image-preview:large","max-video-preview":"max-video-preview:-1"},"canonical":"https:\/\/www.oetinger.net\/cs\/nas-tym\/","og_locale":"cs_CZ","og_type":"article","og_title":"Seznamte se s t\u00fdmem","og_description":"Nejcenn\u011bj\u0161\u00edm zdrojem na\u0161eho podnik\u00e1n\u00ed jsou na\u0161i zam\u011bstnanci. Pod\u00edvejte se, s k\u00fdm byste se z na\u0161\u00ed firmy r\u00e1di spojili.","og_url":"https:\/\/www.oetinger.net\/cs\/nas-tym\/","og_site_name":"Oetinger Aluminium","article_modified_time":"2026-03-23T13:24:09+00:00","twitter_card":"summary_large_image","schema":{"@context":"https:\/\/schema.org","@graph":[{"@type":"WebPage","@id":"https:\/\/www.oetinger.net\/cs\/nas-tym\/","url":"https:\/\/www.oetinger.net\/cs\/nas-tym\/","name":"Seznamte se s t\u00fdmem","isPartOf":{"@id":"https:\/\/www.oetinger.net\/cs\/#website"},"datePublished":"2023-09-12T03:32:17+00:00","dateModified":"2026-03-23T13:24:09+00:00","description":"Nejcenn\u011bj\u0161\u00edm zdrojem na\u0161eho podnik\u00e1n\u00ed jsou na\u0161i zam\u011bstnanci. Pod\u00edvejte se, s k\u00fdm byste se z na\u0161\u00ed firmy r\u00e1di spojili.","breadcrumb":{"@id":"https:\/\/www.oetinger.net\/cs\/nas-tym\/#breadcrumb"},"inLanguage":"cs","potentialAction":[{"@type":"ReadAction","target":["https:\/\/www.oetinger.net\/cs\/nas-tym\/"]}]},{"@type":"BreadcrumbList","@id":"https:\/\/www.oetinger.net\/cs\/nas-tym\/#breadcrumb","itemListElement":[{"@type":"ListItem","position":1,"name":"Home","item":"https:\/\/www.oetinger.net\/cs\/"},{"@type":"ListItem","position":2,"name":"Kl\u00ed\u010dem[br \/] k \u00fasp\u011bchu[br \/] jsou na\u0161i[br \/] [label type=\"dark\"]zam\u011bstnanci[\/label]"}]},{"@type":"WebSite","@id":"https:\/\/www.oetinger.net\/cs\/#website","url":"https:\/\/www.oetinger.net\/cs\/","name":"Oetinger","description":"","publisher":{"@id":"https:\/\/www.oetinger.net\/cs\/#organization"},"potentialAction":[{"@type":"SearchAction","target":{"@type":"EntryPoint","urlTemplate":"https:\/\/www.oetinger.net\/cs\/?s={search_term_string}"},"query-input":{"@type":"PropertyValueSpecification","valueRequired":true,"valueName":"search_term_string"}}],"inLanguage":"cs"},{"@type":"Organization","@id":"https:\/\/www.oetinger.net\/cs\/#organization","name":"Oetinger","url":"https:\/\/www.oetinger.net\/cs\/","logo":{"@type":"ImageObject","inLanguage":"cs","@id":"https:\/\/www.oetinger.net\/cs\/#\/schema\/logo\/image\/","url":"https:\/\/oetinger.bonderio.cz\/wp-content\/uploads\/2023\/09\/favicon.png","contentUrl":"https:\/\/oetinger.bonderio.cz\/wp-content\/uploads\/2023\/09\/favicon.png","width":129,"height":128,"caption":"Oetinger"},"image":{"@id":"https:\/\/www.oetinger.net\/cs\/#\/schema\/logo\/image\/"}}]}},"_links":{"self":[{"href":"https:\/\/www.oetinger.net\/cs\/wp-json\/wp\/v2\/pages\/912","targetHints":{"allow":["GET"]}}],"collection":[{"href":"https:\/\/www.oetinger.net\/cs\/wp-json\/wp\/v2\/pages"}],"about":[{"href":"https:\/\/www.oetinger.net\/cs\/wp-json\/wp\/v2\/types\/page"}],"author":[{"embeddable":true,"href":"https:\/\/www.oetinger.net\/cs\/wp-json\/wp\/v2\/users\/1"}],"replies":[{"embeddable":true,"href":"https:\/\/www.oetinger.net\/cs\/wp-json\/wp\/v2\/comments?post=912"}],"version-history":[{"count":47,"href":"https:\/\/www.oetinger.net\/cs\/wp-json\/wp\/v2\/pages\/912\/revisions"}],"predecessor-version":[{"id":3234,"href":"https:\/\/www.oetinger.net\/cs\/wp-json\/wp\/v2\/pages\/912\/revisions\/3234"}],"wp:attachment":[{"href":"https:\/\/www.oetinger.net\/cs\/wp-json\/wp\/v2\/media?parent=912"}],"curies":[{"name":"wp","href":"https:\/\/api.w.org\/{rel}","templated":true}]}}