{"id":712,"date":"2023-10-02T15:51:21","date_gmt":"2023-10-02T14:51:21","guid":{"rendered":"https:\/\/oetinger.bonderio.cz\/?page_id=712"},"modified":"2026-02-02T15:39:08","modified_gmt":"2026-02-02T15:39:08","slug":"imprint","status":"publish","type":"page","link":"https:\/\/www.oetinger.net\/en\/imprint\/","title":{"rendered":"Imprint"},"content":{"rendered":"<div class=\"large-6 columns\">\n<p><span class=\"ui-provider brw brx beb bry brz bsa bsb bsc bsd bse bsf bsg bsh bsi bsj bsk bsl bsm bsn bso bsp bsq bsr bss bst bsu bsv bsw bsx bsy bsz bta btb btc btd\" dir=\"ltr\">OETINGER Aluminium GmbH<\/span><\/p>\n<p>Werk Wei\u00dfenhorn<br \/>\nRobert-Bosch-Stra\u00dfe 16+18<br \/>\nD-89264 Wei\u00dfenhorn\/Bavaria<br \/>\nPhone\u00a0<a target=\"_blank\" rel=\"noreferrer noopener\"><u>+49 7309 83 &#8211; 0<\/u><\/a><br \/>\nFax <a target=\"_blank\" rel=\"noreferrer noopener\"><u>+49 7309 83 &#8211; 231<\/u><\/a><br \/>\n<a class=\"fui-Link ___10kug0w f3rmtva f1ewtqcl fyind8e f1k6fduh f1w7gpdv fk6fouc fjoy568 figsok6 f1hu3pq6 f11qmguv f19f4twv f1tyq0we f1g0x7ka fhxju0i f1qch9an f1cnd47f fqv5qza f1vmzxwi f1o700av f13mvf36 f1cmlufx f9n3di6 f1ids18y f1tx3yz7 f1deo86v f1eh06m1 f1iescvh fhgqx19 f1olyrje f1p93eir f1nev41a f1h8hb77 f1lqvz6u f10aw75t fsle3fq f17ae5zn\" title=\"mailto:info@oetinger.net\" href=\"mailto:info@oetinger.net\" target=\"_blank\" rel=\"noreferrer noopener\" aria-label=\"Link info@oetinger.net\"><u>info@oetinger.net<\/u><\/a><\/p>\n<p>VAT ID No.: DE316660028<br \/>\nRegistered office of the company: Wei\u00dfenhorn<br \/>\nRegister court: Memmingen HRB\u00a017666<br \/>\nDirectors: Uwe Bodenhausen<br \/>\nOETINGER Aluminium GmbH<\/p>\n<p>Werk Neu-Ulm<br \/>\nMax-Eyth-Stra\u00dfe 40<br \/>\nD-89231 Neu-Ulm<br \/>\nPhone\u00a0<a target=\"_blank\" rel=\"noreferrer noopener\"><u>+49 731 9752 &#8211; 0<\/u><\/a><br \/>\nFax <a target=\"_blank\" rel=\"noreferrer noopener\"><u>+49 731 97 52 &#8211; 289<\/u><\/a><br \/>\n<a class=\"fui-Link ___10kug0w f3rmtva f1ewtqcl fyind8e f1k6fduh f1w7gpdv fk6fouc fjoy568 figsok6 f1hu3pq6 f11qmguv f19f4twv f1tyq0we f1g0x7ka fhxju0i f1qch9an f1cnd47f fqv5qza f1vmzxwi f1o700av f13mvf36 f1cmlufx f9n3di6 f1ids18y f1tx3yz7 f1deo86v f1eh06m1 f1iescvh fhgqx19 f1olyrje f1p93eir f1nev41a f1h8hb77 f1lqvz6u f10aw75t fsle3fq f17ae5zn\" title=\"mailto:info@oetinger.net\" href=\"mailto:info@oetinger.net\" target=\"_blank\" rel=\"noreferrer noopener\" aria-label=\"Link info@oetinger.net\"><u>info@oetinger.net<\/u><\/a><\/p>\n<p>VAT ID No.: DE316660028<br \/>\nRegistered office of the company: Wei\u00dfenhorn<br \/>\nRegister court: Memmingen HRB\u00a017666<br \/>\nDirectors: Uwe Bodenhausen<\/p>\n<p><strong>OETINGER CZ<\/strong><\/p>\n<p>DI\u010c: CZ19630051<br \/>\nI\u010cO: 19630051<\/p>\n<p>S\u00eddli\u0161t\u011b 420<br \/>\n273 24 Velvary<br \/>\nPhone\u00a0<a target=\"_blank\" rel=\"noreferrer noopener\"><u>+420 <span aria-label=\"Zavolat na \u010d\u00edslo 315 730 111\">315 730 111<\/span><\/u><\/a><br \/>\n<a class=\"fui-Link ___10kug0w f3rmtva f1ewtqcl fyind8e f1k6fduh f1w7gpdv fk6fouc fjoy568 figsok6 f1hu3pq6 f11qmguv f19f4twv f1tyq0we f1g0x7ka fhxju0i f1qch9an f1cnd47f fqv5qza f1vmzxwi f1o700av f13mvf36 f1cmlufx f9n3di6 f1ids18y f1tx3yz7 f1deo86v f1eh06m1 f1iescvh fhgqx19 f1olyrje f1p93eir f1nev41a f1h8hb77 f1lqvz6u f10aw75t fsle3fq f17ae5zn\" title=\"mailto:info@oetinger.net\" href=\"mailto:info@oetinger.net\" target=\"_blank\" rel=\"noreferrer noopener\" aria-label=\"Link info@oetinger.net\"><u>info@oetinger.net<\/u><\/a><\/p>\n<p>LIABILITY EXCLUSION<\/p>\n<p>1. Contents of the online offering<br \/>\nThe author provides no warranty for the provided information being up to date, correct, complete, or of a certain quality. Liability claims against the author for material or non-material damage caused by the use or non-use of the presented information or by the use of erroneous and incomplete information are strictly precluded insofar as no demonstrably deliberate or grossly negligent fault on the part of the author is shown. All offers are subject to change and non-binding. The author expressly reserves the right to change, add to, or delete parts of pages or the entire content or to cease publication temporarily or permanently, without giving notice.<\/p>\n<p>2. References and links<br \/>\nFor direct or indirect references to third-party websites (&#8220;hyperlinks&#8221;) which lie outside of the area of responsibility of the author, liability would only arise in the case where the author had knowledge of the contents and where it would be technically possible and reasonable to prevent usage in case of unlawful contents. The author hereby expressly declares that at the time the links were established, no illegal contents could be recognized on the linked sites. The author has no influence whatsoever on the current and future design, contents, or the authorship of the linked sites. Therefore he hereby expressly distances himself from all contents of all linked sites which were changed after the links were established. This declaration applies to links and references set within the own online content as well as for third-party entries in guest books, discussion forums, and mailing lists arranged by the author. For illegal, erroneous, or incomplete contents and in particular for damage resulting from the use or non-use of this sort of presented information, the provider of the site which was referenced, not the one who merely refers to the respective publication, assumes sole liability.<\/p>\n<p>3. Copyright and trademark rights<br \/>\nThe author aims to observe the copyright of utilized graphics, audio files, video sequences, and texts in all publications, to use graphics, audio files, video sequences and texts created by him or to use public domain graphics, audio files, video sequences, and texts. All brands and trademark names within the online content and protected by third parties if applicable are subject without restrictions to the provisions of the respective applicable trademark law and the ownership rights of the respective registered owners. The mere mention is no cause to draw the conclusion that trademarks are not protected by the rights of third parties! The copyright for published objects created by the author himself remains solely in the author&#8217;s hands. Duplication or use of such graphics, audio files, video sequences and texts in other electronic or printed publications is not permitted without the express permission of the author.<\/p>\n<p>4. Data protection<br \/>\nsee\u00a0<a href=\"https:\/\/www.oetinger.net\/en\/privacy-policy\/\"><u>Data protection<\/u><\/a><\/p>\n<p>5. Legal force of this exclusion of liability<br \/>\nThis exclusion of liability is considered as part of the online content from which this page was referenced. Insofar as parts or individual phrases of this text do not, no longer, or not fully correspond to the applicable legal situation, the remaining parts of this document are unaffected in their content and their validity.<\/p>\n<p>1 Source: <a class=\"fui-Link ___10kug0w f3rmtva f1ewtqcl fyind8e f1k6fduh f1w7gpdv fk6fouc fjoy568 figsok6 f1hu3pq6 f11qmguv f19f4twv f1tyq0we f1g0x7ka fhxju0i f1qch9an f1cnd47f fqv5qza f1vmzxwi f1o700av f13mvf36 f1cmlufx f9n3di6 f1ids18y f1tx3yz7 f1deo86v f1eh06m1 f1iescvh fhgqx19 f1olyrje f1p93eir f1nev41a f1h8hb77 f1lqvz6u f10aw75t fsle3fq f17ae5zn\" title=\"http:\/\/www.rechtsanwalt-schwenke.de\/\" href=\"http:\/\/www.rechtsanwalt-schwenke.de\" target=\"_blank\" rel=\"noreferrer noopener\" aria-label=\"Link www.rechtsanwalt-schwenke.de\">www.rechtsanwalt-schwenke.de<\/a><\/p>\n<\/div>\n","protected":false},"excerpt":{"rendered":"<p>OETINGER Aluminium GmbH Werk Wei\u00dfenhorn Robert-Bosch-Stra\u00dfe 16+18 D-89264 Wei\u00dfenhorn\/Bavaria Phone\u00a0+49 7309 83 &#8211; 0 Fax +49 7309 83 &#8211; 231 info@oetinger.net VAT ID No.: DE316660028 Registered office of the company: Wei\u00dfenhorn Register court: Memmingen HRB\u00a017666 Directors: Uwe Bodenhausen OETINGER Aluminium GmbH Werk Neu-Ulm Max-Eyth-Stra\u00dfe 40 D-89231 Neu-Ulm Phone\u00a0+49 731 9752 &#8211; 0 Fax +49 731 [&hellip;]<\/p>\n","protected":false},"author":3,"featured_media":0,"parent":0,"menu_order":0,"comment_status":"closed","ping_status":"closed","template":"","meta":{"footnotes":""},"class_list":["post-712","page","type-page","status-publish","hentry"],"yoast_head":"<!-- This site is optimized with the Yoast SEO plugin v27.4 - https:\/\/yoast.com\/product\/yoast-seo-wordpress\/ -->\n<title>Imprint - Oetinger Aluminium Aluminium<\/title>\n<meta name=\"description\" content=\"OETINGER Aluminium GmbH Robert-Bosch-Stra\u00dfe 16+18 D-89264 Wei\u00dfenhorn\/Bavaria Phone\u00a0+49 7309 83 - 0 Fax +49 7309 83 - 231 info@oetinger.net\" \/>\n<meta name=\"robots\" content=\"index, follow, max-snippet:-1, max-image-preview:large, max-video-preview:-1\" \/>\n<link rel=\"canonical\" href=\"https:\/\/www.oetinger.net\/en\/imprint\/\" \/>\n<meta property=\"og:locale\" content=\"en_US\" \/>\n<meta property=\"og:type\" content=\"article\" \/>\n<meta property=\"og:title\" content=\"Imprint - Oetinger Aluminium Aluminium\" \/>\n<meta property=\"og:description\" content=\"OETINGER Aluminium GmbH Robert-Bosch-Stra\u00dfe 16+18 D-89264 Wei\u00dfenhorn\/Bavaria Phone\u00a0+49 7309 83 - 0 Fax +49 7309 83 - 231 info@oetinger.net\" \/>\n<meta property=\"og:url\" content=\"https:\/\/www.oetinger.net\/en\/imprint\/\" \/>\n<meta property=\"og:site_name\" content=\"Oetinger Aluminium\" \/>\n<meta property=\"article:modified_time\" content=\"2026-02-02T15:39:08+00:00\" \/>\n<meta name=\"twitter:card\" content=\"summary_large_image\" \/>\n<meta name=\"twitter:label1\" content=\"Est. reading time\" \/>\n\t<meta name=\"twitter:data1\" content=\"4 minutes\" \/>\n<script type=\"application\/ld+json\" class=\"yoast-schema-graph\">{\"@context\":\"https:\\\/\\\/schema.org\",\"@graph\":[{\"@type\":\"WebPage\",\"@id\":\"https:\\\/\\\/www.oetinger.net\\\/en\\\/imprint\\\/\",\"url\":\"https:\\\/\\\/www.oetinger.net\\\/en\\\/imprint\\\/\",\"name\":\"Imprint - Oetinger Aluminium Aluminium\",\"isPartOf\":{\"@id\":\"https:\\\/\\\/www.oetinger.net\\\/en\\\/#website\"},\"datePublished\":\"2023-10-02T14:51:21+00:00\",\"dateModified\":\"2026-02-02T15:39:08+00:00\",\"description\":\"OETINGER Aluminium GmbH Robert-Bosch-Stra\u00dfe 16+18 D-89264 Wei\u00dfenhorn\\\/Bavaria Phone\u00a0+49 7309 83 - 0 Fax +49 7309 83 - 231 info@oetinger.net\",\"breadcrumb\":{\"@id\":\"https:\\\/\\\/www.oetinger.net\\\/en\\\/imprint\\\/#breadcrumb\"},\"inLanguage\":\"en-US\",\"potentialAction\":[{\"@type\":\"ReadAction\",\"target\":[\"https:\\\/\\\/www.oetinger.net\\\/en\\\/imprint\\\/\"]}]},{\"@type\":\"BreadcrumbList\",\"@id\":\"https:\\\/\\\/www.oetinger.net\\\/en\\\/imprint\\\/#breadcrumb\",\"itemListElement\":[{\"@type\":\"ListItem\",\"position\":1,\"name\":\"Home\",\"item\":\"https:\\\/\\\/www.oetinger.net\\\/en\\\/\"},{\"@type\":\"ListItem\",\"position\":2,\"name\":\"Imprint\"}]},{\"@type\":\"WebSite\",\"@id\":\"https:\\\/\\\/www.oetinger.net\\\/en\\\/#website\",\"url\":\"https:\\\/\\\/www.oetinger.net\\\/en\\\/\",\"name\":\"Oetinger\",\"description\":\"\",\"publisher\":{\"@id\":\"https:\\\/\\\/www.oetinger.net\\\/en\\\/#organization\"},\"potentialAction\":[{\"@type\":\"SearchAction\",\"target\":{\"@type\":\"EntryPoint\",\"urlTemplate\":\"https:\\\/\\\/www.oetinger.net\\\/en\\\/?s={search_term_string}\"},\"query-input\":{\"@type\":\"PropertyValueSpecification\",\"valueRequired\":true,\"valueName\":\"search_term_string\"}}],\"inLanguage\":\"en-US\"},{\"@type\":\"Organization\",\"@id\":\"https:\\\/\\\/www.oetinger.net\\\/en\\\/#organization\",\"name\":\"Oetinger\",\"url\":\"https:\\\/\\\/www.oetinger.net\\\/en\\\/\",\"logo\":{\"@type\":\"ImageObject\",\"inLanguage\":\"en-US\",\"@id\":\"https:\\\/\\\/www.oetinger.net\\\/en\\\/#\\\/schema\\\/logo\\\/image\\\/\",\"url\":\"https:\\\/\\\/oetinger.bonderio.cz\\\/wp-content\\\/uploads\\\/2023\\\/09\\\/favicon.png\",\"contentUrl\":\"https:\\\/\\\/oetinger.bonderio.cz\\\/wp-content\\\/uploads\\\/2023\\\/09\\\/favicon.png\",\"width\":129,\"height\":128,\"caption\":\"Oetinger\"},\"image\":{\"@id\":\"https:\\\/\\\/www.oetinger.net\\\/en\\\/#\\\/schema\\\/logo\\\/image\\\/\"}}]}<\/script>\n<!-- \/ Yoast SEO plugin. -->","yoast_head_json":{"title":"Imprint - Oetinger Aluminium Aluminium","description":"OETINGER Aluminium GmbH Robert-Bosch-Stra\u00dfe 16+18 D-89264 Wei\u00dfenhorn\/Bavaria Phone\u00a0+49 7309 83 - 0 Fax +49 7309 83 - 231 info@oetinger.net","robots":{"index":"index","follow":"follow","max-snippet":"max-snippet:-1","max-image-preview":"max-image-preview:large","max-video-preview":"max-video-preview:-1"},"canonical":"https:\/\/www.oetinger.net\/en\/imprint\/","og_locale":"en_US","og_type":"article","og_title":"Imprint - Oetinger Aluminium Aluminium","og_description":"OETINGER Aluminium GmbH Robert-Bosch-Stra\u00dfe 16+18 D-89264 Wei\u00dfenhorn\/Bavaria Phone\u00a0+49 7309 83 - 0 Fax +49 7309 83 - 231 info@oetinger.net","og_url":"https:\/\/www.oetinger.net\/en\/imprint\/","og_site_name":"Oetinger Aluminium","article_modified_time":"2026-02-02T15:39:08+00:00","twitter_card":"summary_large_image","twitter_misc":{"Est. reading time":"4 minutes"},"schema":{"@context":"https:\/\/schema.org","@graph":[{"@type":"WebPage","@id":"https:\/\/www.oetinger.net\/en\/imprint\/","url":"https:\/\/www.oetinger.net\/en\/imprint\/","name":"Imprint - Oetinger Aluminium Aluminium","isPartOf":{"@id":"https:\/\/www.oetinger.net\/en\/#website"},"datePublished":"2023-10-02T14:51:21+00:00","dateModified":"2026-02-02T15:39:08+00:00","description":"OETINGER Aluminium GmbH Robert-Bosch-Stra\u00dfe 16+18 D-89264 Wei\u00dfenhorn\/Bavaria Phone\u00a0+49 7309 83 - 0 Fax +49 7309 83 - 231 info@oetinger.net","breadcrumb":{"@id":"https:\/\/www.oetinger.net\/en\/imprint\/#breadcrumb"},"inLanguage":"en-US","potentialAction":[{"@type":"ReadAction","target":["https:\/\/www.oetinger.net\/en\/imprint\/"]}]},{"@type":"BreadcrumbList","@id":"https:\/\/www.oetinger.net\/en\/imprint\/#breadcrumb","itemListElement":[{"@type":"ListItem","position":1,"name":"Home","item":"https:\/\/www.oetinger.net\/en\/"},{"@type":"ListItem","position":2,"name":"Imprint"}]},{"@type":"WebSite","@id":"https:\/\/www.oetinger.net\/en\/#website","url":"https:\/\/www.oetinger.net\/en\/","name":"Oetinger","description":"","publisher":{"@id":"https:\/\/www.oetinger.net\/en\/#organization"},"potentialAction":[{"@type":"SearchAction","target":{"@type":"EntryPoint","urlTemplate":"https:\/\/www.oetinger.net\/en\/?s={search_term_string}"},"query-input":{"@type":"PropertyValueSpecification","valueRequired":true,"valueName":"search_term_string"}}],"inLanguage":"en-US"},{"@type":"Organization","@id":"https:\/\/www.oetinger.net\/en\/#organization","name":"Oetinger","url":"https:\/\/www.oetinger.net\/en\/","logo":{"@type":"ImageObject","inLanguage":"en-US","@id":"https:\/\/www.oetinger.net\/en\/#\/schema\/logo\/image\/","url":"https:\/\/oetinger.bonderio.cz\/wp-content\/uploads\/2023\/09\/favicon.png","contentUrl":"https:\/\/oetinger.bonderio.cz\/wp-content\/uploads\/2023\/09\/favicon.png","width":129,"height":128,"caption":"Oetinger"},"image":{"@id":"https:\/\/www.oetinger.net\/en\/#\/schema\/logo\/image\/"}}]}},"_links":{"self":[{"href":"https:\/\/www.oetinger.net\/en\/wp-json\/wp\/v2\/pages\/712","targetHints":{"allow":["GET"]}}],"collection":[{"href":"https:\/\/www.oetinger.net\/en\/wp-json\/wp\/v2\/pages"}],"about":[{"href":"https:\/\/www.oetinger.net\/en\/wp-json\/wp\/v2\/types\/page"}],"author":[{"embeddable":true,"href":"https:\/\/www.oetinger.net\/en\/wp-json\/wp\/v2\/users\/3"}],"replies":[{"embeddable":true,"href":"https:\/\/www.oetinger.net\/en\/wp-json\/wp\/v2\/comments?post=712"}],"version-history":[{"count":7,"href":"https:\/\/www.oetinger.net\/en\/wp-json\/wp\/v2\/pages\/712\/revisions"}],"predecessor-version":[{"id":3201,"href":"https:\/\/www.oetinger.net\/en\/wp-json\/wp\/v2\/pages\/712\/revisions\/3201"}],"wp:attachment":[{"href":"https:\/\/www.oetinger.net\/en\/wp-json\/wp\/v2\/media?parent=712"}],"curies":[{"name":"wp","href":"https:\/\/api.w.org\/{rel}","templated":true}]}}